{"id":2,"date":"2025-10-17T10:32:01","date_gmt":"2025-10-17T10:32:01","guid":{"rendered":"http:\/\/leipzig.wordcamp.org\/2026\/?page_id=2"},"modified":"2026-02-14T22:31:47","modified_gmt":"2026-02-14T21:31:47","slug":"wordcamp-leipzig-2026","status":"publish","type":"page","link":"https:\/\/leipzig.wordcamp.org\/2026\/","title":{"rendered":"WordCamp Leipzig 2026"},"content":{"rendered":"\n<div style=\"height:80px\" aria-hidden=\"true\" class=\"wp-block-spacer\"><\/div>\n\n\n\n<h1 class=\"wp-block-heading is-style-default\">WordCamp Leipzig 2026<\/h1>\n\n\n\n<div class=\"wp-block-media-text has-media-on-the-right is-stacked-on-mobile\"><div class=\"wp-block-media-text__content\">\n<p>Eine minimalistische Version <strong>#4<\/strong> des allseits beliebten und weltweit bekannten WordCamps der WordPress-Foundation.<\/p>\n\n\n\n<p><strong>Wann?<\/strong><br>8. Mai 2026, 17 \u2013 21 Uhr, <a href=\"https:\/\/leipzig.wordcamp.org\/2026\/tickets\/\">WordPress-Meetup<\/a><br>9. Mai 2026, 9 \u2013 18 Uhr, <a href=\"#2026\" data-type=\"internal\" data-id=\"#2026\">WordCamp Leipzig 2026<\/a><\/p>\n\n\n\n<p><strong>Wo?<\/strong><br>Ost-Passage Theater in Leipzig<br><a href=\"https:\/\/maps.app.goo.gl\/L5YA8HHiVfTq6JFY8\">(Konradstra\u00dfe 27, 04315 Leipzig)<\/a><\/p>\n\n\n\n<p><strong>Wer und was?<\/strong><br>Zusammen wollen wir sprechen und <a href=\"https:\/\/leipzig.wordcamp.org\/2026\/vortragende\/\" data-type=\"page\" data-id=\"8\">die Vortragenden<\/a> werden uns inspirieren!<\/p>\n\n\n\n<div class=\"wp-block-buttons is-layout-flex wp-block-buttons-is-layout-flex\" style=\"margin-top:var(--wp--preset--spacing--20);margin-bottom:var(--wp--preset--spacing--20)\">\n<div class=\"wp-block-button is-style-fill\"><a class=\"wp-block-button__link wp-element-button\" href=\"https:\/\/leipzig.wordcamp.org\/2026\/vortraege\/\"><strong>Vortr\u00e4ge ansehen<\/strong><\/a><\/div>\n<\/div>\n<\/div><figure class=\"wp-block-media-text__media\"><img decoding=\"async\" src=\"https:\/\/leipzig.wordcamp.org\/2025\/files\/2024\/09\/Ost-Passage-Theater-Portal-hoch-1018x1024.jpg\" alt=\"\" class=\"wp-image-192 size-full\" \/><\/figure><\/div>\n\n\n\n<hr class=\"wp-block-separator has-text-color has-custom-leipzig-blau-color has-alpha-channel-opacity has-custom-leipzig-blau-background-color has-background is-style-default\" style=\"margin-top:var(--wp--preset--spacing--80);margin-bottom:var(--wp--preset--spacing--80)\" \/>\n\n\n\n<div class=\"wp-block-group is-nowrap is-layout-flex wp-container-core-group-is-layout-6c531013 wp-block-group-is-layout-flex\">\n<div class=\"wp-block-columns is-layout-flex wp-container-core-columns-is-layout-28f84493 wp-block-columns-is-layout-flex\">\n<div class=\"wp-block-column is-layout-flow wp-block-column-is-layout-flow\">\n<p class=\"has-large-font-size\">Willkommen lieber WordPressler und WordPresslerin,<\/p>\n\n\n\n<p>auch das vierte WordCamp in Leipzig wird als kleinstes WordCamp der Welt organisiert, nach dem MVP-Prinzip!<\/p>\n\n\n\n<p><strong>Wir zeigen, dass Nachhaltigkeit innerhalb der WordPress-Community keine Floskel darstellt.<\/strong><\/p>\n\n\n\n<p>Daher halten wir die Teilnehmerzahl bewusst klein und erzeugen dir eine intime Atmosph\u00e4re. So kannst Du das <a href=\"https:\/\/leipzig.wordcamp.org\/2026\/organisatoren\/\" data-type=\"page\" data-id=\"12\">Organisationsteam<\/a> und die <a href=\"https:\/\/leipzig.wordcamp.org\/2026\/vortragende\/\" data-type=\"page\" data-id=\"8\">Vortragenden<\/a> mit deinen Impulsen direkt ansprechen und bereicherst das WordCamp aktiv.<\/p>\n\n\n\n<figure class=\"wp-block-image size-full\"><img decoding=\"async\" src=\"https:\/\/leipzig.wordcamp.org\/2025\/files\/2025\/05\/wordcamp-leipzig-2025-gruppenbild.jpg\" alt=\"freudiges Gruppenbild WordCampLeipzig 2025\" class=\"wp-image-1081\" \/><\/figure>\n<\/div>\n<\/div>\n<\/div>\n\n\n\n<p>Du als Anwender stehst weiterhin im Fokus! Darfst interaktiv an den Vortr\u00e4gen teilnehmen und eigene Ideen und Fragen mitbringen. <strong>Wir k\u00f6nnen es kaum erwarten, dich in Leipzig willkommen zu hei\u00dfen.<\/strong><\/p>\n\n\n\n<div class=\"wp-block-buttons is-content-justification-center is-layout-flex wp-container-core-buttons-is-layout-a89b3969 wp-block-buttons-is-layout-flex\">\n<div class=\"wp-block-button\"><a class=\"wp-block-button__link wp-element-button\" href=\"https:\/\/leipzig.wordcamp.org\/2026\/tickets\/\">Jetzt Karten sichern<\/a><\/div>\n<\/div>\n\n\n\n<div style=\"height:75px\" aria-hidden=\"true\" class=\"wp-block-spacer\"><\/div>\n\n\n\n<div class=\"wp-block-query is-layout-flow wp-block-query-is-layout-flow\"><ul style=\"text-transform:none;\" class=\"wp-block-post-template is-layout-flow wp-block-post-template-is-layout-flow\"><li class=\"wp-block-post post-287 post type-post status-publish format-standard hentry category-wordcamp\">\n\n<div class=\"wp-block-group is-layout-flow wp-block-group-is-layout-flow\" style=\"padding-right:0;padding-left:0\">\n<div class=\"wp-block-group is-horizontal is-layout-flex wp-container-core-group-is-layout-c3e6f1a5 wp-block-group-is-layout-flex\" style=\"padding-bottom:var(--wp--preset--spacing--80)\">\n\n\n<div class=\"wp-block-group has-global-padding is-layout-constrained wp-block-group-is-layout-constrained\" style=\"margin-top:0;margin-bottom:0\"><h2 style=\"font-size:clamp(1.25rem, 1.25rem + ((1vw - 0.2rem) * 1.25), 2rem);font-style:normal;font-weight:600;line-height:1.2;\" class=\"has-link-color wp-elements-bcef4461c87dcd6de8e615821e1a87a2 wp-block-post-title has-text-color has-custom-leipzig-blue-color\"><a href=\"https:\/\/leipzig.wordcamp.org\/2026\/__trashed-2\/\" target=\"_self\" >WordPress-Werkstatt im Meetup-Stil \ud83d\udee0\ufe0f<\/a><\/h2>\n\n<div style=\"line-height:1.7;\" class=\"wp-block-post-excerpt has-small-font-size\"><p class=\"wp-block-post-excerpt__excerpt\">Du steckst bei deiner WordPress-Website fest oder hast eine konkrete Frage, bei der du allein nicht weiterkommst? Dann bist du in unserer WordPress-Werkstatt genau richtig! Egal ob kleine H\u00fcrde oder knifflige Herausforderung \u2013 gemeinsam schauen wir uns dein Thema direkt vor Ort an und suchen nach einer passenden L\u00f6sung. In entspannter Atmosph\u00e4re tauschen wir uns<\/p><p class=\"wp-block-post-excerpt__more-text\"><a class=\"wp-block-post-excerpt__more-link\" href=\"https:\/\/leipzig.wordcamp.org\/2026\/__trashed-2\/\">weiterlesen<\/a><\/p><\/div><\/div>\n<\/div>\n<\/div>\n\n<\/li><li class=\"wp-block-post post-5 post type-post status-publish format-standard hentry category-wordcamp\">\n\n<div class=\"wp-block-group is-layout-flow wp-block-group-is-layout-flow\" style=\"padding-right:0;padding-left:0\">\n<div class=\"wp-block-group is-horizontal is-layout-flex wp-container-core-group-is-layout-c3e6f1a5 wp-block-group-is-layout-flex\" style=\"padding-bottom:var(--wp--preset--spacing--80)\">\n\n\n<div class=\"wp-block-group has-global-padding is-layout-constrained wp-block-group-is-layout-constrained\" style=\"margin-top:0;margin-bottom:0\"><h2 style=\"font-size:clamp(1.25rem, 1.25rem + ((1vw - 0.2rem) * 1.25), 2rem);font-style:normal;font-weight:600;line-height:1.2;\" class=\"has-link-color wp-elements-bcef4461c87dcd6de8e615821e1a87a2 wp-block-post-title has-text-color has-custom-leipzig-blue-color\"><a href=\"https:\/\/leipzig.wordcamp.org\/2026\/aufruf-fuer-unterstuetzende\/\" target=\"_self\" >Aufruf f\u00fcr Unterst\u00fctzende<\/a><\/h2>\n\n<div style=\"line-height:1.7;\" class=\"wp-block-post-excerpt has-small-font-size\"><p class=\"wp-block-post-excerpt__excerpt\">Wir freuen uns, das WordCamp Leipzig am 9. Mai 2026 ank\u00fcndigen zu k\u00f6nnen! Nach den erfolgreichen Veranstaltungen in den Jahren 2023 bis 2025 \u00f6ffnet das WordCamp wieder seine Tore und verkn\u00fcpft die Gemeinschaft.<\/p><p class=\"wp-block-post-excerpt__more-text\"><a class=\"wp-block-post-excerpt__more-link\" href=\"https:\/\/leipzig.wordcamp.org\/2026\/aufruf-fuer-unterstuetzende\/\">weiterlesen<\/a><\/p><\/div><\/div>\n<\/div>\n<\/div>\n\n<\/li><li class=\"wp-block-post post-320 post type-post status-publish format-standard has-post-thumbnail hentry category-wordcamp\">\n\n<div class=\"wp-block-group is-layout-flow wp-block-group-is-layout-flow\" style=\"padding-right:0;padding-left:0\">\n<div class=\"wp-block-group is-horizontal is-layout-flex wp-container-core-group-is-layout-c3e6f1a5 wp-block-group-is-layout-flex\" style=\"padding-bottom:var(--wp--preset--spacing--80)\"><figure style=\"aspect-ratio:1;width:150px;height:150px;\" class=\"wp-block-post-featured-image\"><img loading=\"lazy\" decoding=\"async\" width=\"1280\" height=\"961\" src=\"https:\/\/leipzig.wordcamp.org\/2026\/files\/2026\/01\/siteclinic-teaser.jpg\" class=\"attachment-post-thumbnail size-post-thumbnail wp-post-image\" alt=\"Siteclinic Teaser\" style=\"border-radius:0px;width:100%;height:100%;object-fit:cover;\" srcset=\"https:\/\/leipzig.wordcamp.org\/2026\/files\/2026\/01\/siteclinic-teaser.jpg 1280w, https:\/\/leipzig.wordcamp.org\/2026\/files\/2026\/01\/siteclinic-teaser-300x225.jpg 300w, https:\/\/leipzig.wordcamp.org\/2026\/files\/2026\/01\/siteclinic-teaser-1024x769.jpg 1024w, https:\/\/leipzig.wordcamp.org\/2026\/files\/2026\/01\/siteclinic-teaser-768x577.jpg 768w, https:\/\/leipzig.wordcamp.org\/2026\/files\/2026\/01\/siteclinic-teaser-400x300.jpg 400w\" sizes=\"auto, (max-width: 1280px) 100vw, 1280px\" \/><\/figure>\n\n\n<div class=\"wp-block-group has-global-padding is-layout-constrained wp-block-group-is-layout-constrained\" style=\"margin-top:0;margin-bottom:0\"><h2 style=\"font-size:clamp(1.25rem, 1.25rem + ((1vw - 0.2rem) * 1.25), 2rem);font-style:normal;font-weight:600;line-height:1.2;\" class=\"has-link-color wp-elements-bcef4461c87dcd6de8e615821e1a87a2 wp-block-post-title has-text-color has-custom-leipzig-blue-color\"><a href=\"https:\/\/leipzig.wordcamp.org\/2026\/ihk-leipzig-siteclinic-20260202\/\" target=\"_self\" >SiteClinic an der IHK Leipzig am 2. Februar 2026<\/a><\/h2>\n\n<div style=\"line-height:1.7;\" class=\"wp-block-post-excerpt has-small-font-size\"><p class=\"wp-block-post-excerpt__excerpt\">Auch 2026 m\u00f6chten wir Teilnehmer f\u00fcr das WordCamp 2026 aus unterschiedlichsten Bereichen akquirieren. Da die Industrie- und Handelskammern (IHK) eine sehr breit gef\u00e4cherte Zielgruppe besitzen, werden wir zumindest 30 Mitglieder pers\u00f6nlich einladen. Hierzu veranstalten Maik und Ren\u00e9 am 2. Februar 2026 von 17 bis 19 Uhr eine WordPress-Siteclinic. Teilnehmer k\u00f6nnen sich \u00fcber praxisnahe sowie individuelle<\/p><p class=\"wp-block-post-excerpt__more-text\"><a class=\"wp-block-post-excerpt__more-link\" href=\"https:\/\/leipzig.wordcamp.org\/2026\/ihk-leipzig-siteclinic-20260202\/\">weiterlesen<\/a><\/p><\/div><\/div>\n<\/div>\n<\/div>\n\n<\/li><li class=\"wp-block-post post-6 post type-post status-publish format-standard has-post-thumbnail hentry category-wordcamp\">\n\n<div class=\"wp-block-group is-layout-flow wp-block-group-is-layout-flow\" style=\"padding-right:0;padding-left:0\">\n<div class=\"wp-block-group is-horizontal is-layout-flex wp-container-core-group-is-layout-c3e6f1a5 wp-block-group-is-layout-flex\" style=\"padding-bottom:var(--wp--preset--spacing--80)\"><figure style=\"aspect-ratio:1;width:150px;height:150px;\" class=\"wp-block-post-featured-image\"><img loading=\"lazy\" decoding=\"async\" width=\"1200\" height=\"800\" src=\"https:\/\/leipzig.wordcamp.org\/2026\/files\/2026\/01\/Bild-5312.jpg\" class=\"attachment-post-thumbnail size-post-thumbnail wp-post-image\" alt=\"Aufruf f\u00fcr Vortragende zum WordCamp Leipzig 2026.\" style=\"border-radius:0px;width:100%;height:100%;object-fit:cover;\" srcset=\"https:\/\/leipzig.wordcamp.org\/2026\/files\/2026\/01\/Bild-5312.jpg 1200w, https:\/\/leipzig.wordcamp.org\/2026\/files\/2026\/01\/Bild-5312-300x200.jpg 300w, https:\/\/leipzig.wordcamp.org\/2026\/files\/2026\/01\/Bild-5312-1024x683.jpg 1024w, https:\/\/leipzig.wordcamp.org\/2026\/files\/2026\/01\/Bild-5312-768x512.jpg 768w, https:\/\/leipzig.wordcamp.org\/2026\/files\/2026\/01\/Bild-5312-450x300.jpg 450w\" sizes=\"auto, (max-width: 1200px) 100vw, 1200px\" \/><\/figure>\n\n\n<div class=\"wp-block-group has-global-padding is-layout-constrained wp-block-group-is-layout-constrained\" style=\"margin-top:0;margin-bottom:0\"><h2 style=\"font-size:clamp(1.25rem, 1.25rem + ((1vw - 0.2rem) * 1.25), 2rem);font-style:normal;font-weight:600;line-height:1.2;\" class=\"has-link-color wp-elements-bcef4461c87dcd6de8e615821e1a87a2 wp-block-post-title has-text-color has-custom-leipzig-blue-color\"><a href=\"https:\/\/leipzig.wordcamp.org\/2026\/aufruf-vortragende\/\" target=\"_self\" >Aufruf an Vortragende:<\/a><\/h2>\n\n<div style=\"line-height:1.7;\" class=\"wp-block-post-excerpt has-small-font-size\"><p class=\"wp-block-post-excerpt__excerpt\">WordCamp Leipzig 2026 \u2013 Vielfalt gestalten. WordPress leben. Das WordCamp Leipzig kehrt zur\u00fcck! Am&nbsp;09. Mai 2026&nbsp;\u00f6ffnet das Ost-Passage-Theater erneut seine T\u00fcren, um die WordPress-Community in einem einzigartigen Ambiente zu vereinen. Egal, ob Anwender:in, Entwickler:in, Designer:in, Content-Creator:in, Marketer:in, Blogger:in oder Unternehmer:in \u2013 wir suchen&nbsp;Dich&nbsp;als Vortragende, um unsere B\u00fchne mit Deinem Wissen und Deinen Erfahrungen zu bereichern.<\/p><p class=\"wp-block-post-excerpt__more-text\"><a class=\"wp-block-post-excerpt__more-link\" href=\"https:\/\/leipzig.wordcamp.org\/2026\/aufruf-vortragende\/\">weiterlesen<\/a><\/p><\/div><\/div>\n<\/div>\n<\/div>\n\n<\/li><li class=\"wp-block-post post-4 post type-post status-publish format-standard hentry category-wordcamp\">\n\n<div class=\"wp-block-group is-layout-flow wp-block-group-is-layout-flow\" style=\"padding-right:0;padding-left:0\">\n<div class=\"wp-block-group is-horizontal is-layout-flex wp-container-core-group-is-layout-c3e6f1a5 wp-block-group-is-layout-flex\" style=\"padding-bottom:var(--wp--preset--spacing--80)\">\n\n\n<div class=\"wp-block-group has-global-padding is-layout-constrained wp-block-group-is-layout-constrained\" style=\"margin-top:0;margin-bottom:0\"><h2 style=\"font-size:clamp(1.25rem, 1.25rem + ((1vw - 0.2rem) * 1.25), 2rem);font-style:normal;font-weight:600;line-height:1.2;\" class=\"has-link-color wp-elements-bcef4461c87dcd6de8e615821e1a87a2 wp-block-post-title has-text-color has-custom-leipzig-blue-color\"><a href=\"https:\/\/leipzig.wordcamp.org\/2026\/welcome-to-wordcamp-leipzig-2026\/\" target=\"_self\" >Willkommen zum WordCamp Leipzig 2026 #WCLE26<\/a><\/h2>\n\n<div style=\"line-height:1.7;\" class=\"wp-block-post-excerpt has-small-font-size\"><p class=\"wp-block-post-excerpt__excerpt\">Wir sind sehr gl\u00fccklich, dass das WordCamp Leipzig nun offiziell im Kalender der WordPress Community steht!<\/p><p class=\"wp-block-post-excerpt__more-text\"><a class=\"wp-block-post-excerpt__more-link\" href=\"https:\/\/leipzig.wordcamp.org\/2026\/welcome-to-wordcamp-leipzig-2026\/\">weiterlesen<\/a><\/p><\/div><\/div>\n<\/div>\n<\/div>\n\n<\/li><\/ul><\/div>\n","protected":false},"excerpt":{"rendered":"<p>WordCamp Leipzig 2026 Willkommen lieber WordPressler und WordPresslerin, auch das vierte WordCamp in Leipzig wird als kleinstes WordCamp der Welt organisiert, nach dem MVP-Prinzip! Wir zeigen, dass Nachhaltigkeit innerhalb der WordPress-Community keine Floskel darstellt. Daher halten wir die Teilnehmerzahl bewusst klein und erzeugen dir eine intime Atmosph\u00e4re. So kannst Du das Organisationsteam und die Vortragenden [&hellip;]<\/p>\n","protected":false},"author":13587830,"featured_media":0,"parent":0,"menu_order":0,"comment_status":"closed","ping_status":"closed","template":"page-no-title","meta":{"jetpack_post_was_ever_published":false,"footnotes":""},"class_list":["post-2","page","type-page","status-publish","hentry"],"jetpack_sharing_enabled":true,"_links":{"self":[{"href":"https:\/\/leipzig.wordcamp.org\/2026\/wp-json\/wp\/v2\/pages\/2","targetHints":{"allow":["GET"]}}],"collection":[{"href":"https:\/\/leipzig.wordcamp.org\/2026\/wp-json\/wp\/v2\/pages"}],"about":[{"href":"https:\/\/leipzig.wordcamp.org\/2026\/wp-json\/wp\/v2\/types\/page"}],"author":[{"embeddable":true,"href":"https:\/\/leipzig.wordcamp.org\/2026\/wp-json\/wp\/v2\/users\/13587830"}],"replies":[{"embeddable":true,"href":"https:\/\/leipzig.wordcamp.org\/2026\/wp-json\/wp\/v2\/comments?post=2"}],"version-history":[{"count":7,"href":"https:\/\/leipzig.wordcamp.org\/2026\/wp-json\/wp\/v2\/pages\/2\/revisions"}],"predecessor-version":[{"id":391,"href":"https:\/\/leipzig.wordcamp.org\/2026\/wp-json\/wp\/v2\/pages\/2\/revisions\/391"}],"wp:attachment":[{"href":"https:\/\/leipzig.wordcamp.org\/2026\/wp-json\/wp\/v2\/media?parent=2"}],"curies":[{"name":"wp","href":"https:\/\/api.w.org\/{rel}","templated":true}]}}