{"id":13,"date":"2025-10-17T12:32:09","date_gmt":"2025-10-17T10:32:09","guid":{"rendered":"https:\/\/leipzig.wordcamp.org\/2026\/organizers\/"},"modified":"2026-01-07T14:19:55","modified_gmt":"2026-01-07T13:19:55","slug":"organisatoren","status":"publish","type":"page","link":"https:\/\/leipzig.wordcamp.org\/2026\/organisatoren\/","title":{"rendered":"Organisatoren"},"content":{"rendered":"\n<p class=\"hideme has-background\" style=\"background-color:#eeeeee\"><em>Organizers note:<\/em> You can enter content for this page in the Organizers menu item in the sidebar.<\/p>\n\n\n\n<div class=\"wp-block-query is-layout-flow wp-block-query-is-layout-flow\"><ul class=\"columns-2 wp-block-post-template is-layout-grid wp-container-core-post-template-is-layout-93e7e78d wp-block-post-template-is-layout-grid\"><li class=\"wp-block-post post-114 wcb_organizer type-wcb_organizer status-publish hentry\">\n<figure style=\"width:128px;height:128px;\" class=\"is-style-rounded wp-block-wordcamp-avatar\"><img decoding=\"async\" src=\"https:\/\/secure.gravatar.com\/avatar\/?s=128&amp;d=mm&amp;f=y&amp;r=g\" alt=\"Hendrik Meibeck\" \/><\/figure>\n\n<h2 style=\"margin-bottom:0;\" class=\"wp-block-post-title\">Hendrik Meibeck<\/h2>\n\n\n<div class=\"wp-block-group is-layout-flow wp-block-group-is-layout-flow\" style=\"padding-top:var(--wp--preset--spacing--10);padding-bottom:var(--wp--preset--spacing--10)\"><div class=\"wp-block-jetpack-like\"><div class='sharedaddy sd-block sd-like jetpack-likes-widget-wrapper jetpack-likes-widget-unloaded' id='like-post-wrapper-249357815-114-69e47a1c5e407' data-src='https:\/\/widgets.wp.com\/likes\/index.html?ver=15.5#blog_id=249357815&amp;post_id=114&amp;origin=leipzig.wordcamp.org&amp;obj_id=249357815-114-69e47a1c5e407&amp;block=1' data-name='like-post-frame-249357815-114-69e47a1c5e407' data-title='Liken oder rebloggen'><div class='likes-widget-placeholder post-likes-widget-placeholder' style='height: 55px;'><span class='loading'>Loading\u2026<\/span><\/div><span class='sd-text-color'><\/span><a class='sd-link-color'><\/a><\/div><\/div><\/div>\n\n\n<div class=\"entry-content wp-block-post-content is-layout-flow wp-block-post-content-is-layout-flow\">\n<p>Hendrik brachte sich im jungen Alter von 13 Jahren mithilfe von selfhtml.org\u00a0selbst HTML und CSS bei. Anschlie\u00dfend sammelte er die ersten Ber\u00fchrungspunkte mit WordPress \u00fcber die schulische \u201eComputer AG\u201c. Nach langj\u00e4hriger T\u00e4tigkeit als Mediengestalter und CPT-Operator in einer der gr\u00f6\u00dften Druckereien Europas ist er nun seit \u00fcber 3 Jahren vollst\u00e4ndig im Website- und WordPress-Geschehen zur\u00fcck.<\/p>\n\n\n\n<p>Mit seinem hohen Enthusiasmus und einer gewaltigen Neugierde ist er in k\u00fcrzester Zeit zu einem grundsoliden, wie er selbst sagt, \u201eWordPress Creator\u201c bei Kronfink geworden. Immer darauf aus, die besten L\u00f6sungen f\u00fcr jedes Projekt und alle Beteiligten zu finden oder zu schaffen.<\/p>\n<\/div>\n<\/li><li class=\"wp-block-post post-123 wcb_organizer type-wcb_organizer status-publish hentry\">\n<figure style=\"width:128px;height:128px;\" class=\"is-style-rounded wp-block-wordcamp-avatar\"><img decoding=\"async\" src=\"https:\/\/secure.gravatar.com\/avatar\/bb3c2f0ca845a2d69bed37a392939fbe27217aca70d6dd1069f027bc21c3c76c?s=128&amp;d=mm&amp;r=g\" alt=\"Jana Schlegel\" \/><\/figure>\n\n<h2 style=\"margin-bottom:0;\" class=\"wp-block-post-title\">Jana Schlegel<\/h2>\n\n\n<div class=\"wp-block-group is-layout-flow wp-block-group-is-layout-flow\" style=\"padding-top:var(--wp--preset--spacing--10);padding-bottom:var(--wp--preset--spacing--10)\"><div class=\"wp-block-jetpack-like\"><div class='sharedaddy sd-block sd-like jetpack-likes-widget-wrapper jetpack-likes-widget-unloaded' id='like-post-wrapper-249357815-123-69e47a1c61491' data-src='https:\/\/widgets.wp.com\/likes\/index.html?ver=15.5#blog_id=249357815&amp;post_id=123&amp;origin=leipzig.wordcamp.org&amp;obj_id=249357815-123-69e47a1c61491&amp;block=1' data-name='like-post-frame-249357815-123-69e47a1c61491' data-title='Liken oder rebloggen'><div class='likes-widget-placeholder post-likes-widget-placeholder' style='height: 55px;'><span class='loading'>Loading\u2026<\/span><\/div><span class='sd-text-color'><\/span><a class='sd-link-color'><\/a><\/div><\/div><\/div>\n\n\n<div class=\"entry-content wp-block-post-content is-layout-flow wp-block-post-content-is-layout-flow\">\n<p>Als Quereinsteigerin im sozialen Bereich und stetig Lernende hat Jana Schlegel ihr Business seit 2006 mit Unterst\u00fctzung vom barrierefreien CMS Papoo aufgebaut. Der Wechsel auf WordPress war 2013 die richtige Entscheidung. Zu Hause f\u00fchlt sie sich als zentraler Ansprechpartner, Organisationstalent und Probleml\u00f6ser seit 2006 im Bereich der Sozial-, Betriebs- und Mitarbeiterberatung, denn alles, was die Menschen in Bewegung versetzt, muss durch ihren Kopf hindurch.<\/p>\n<\/div>\n<\/li><li class=\"wp-block-post post-120 wcb_organizer type-wcb_organizer status-publish hentry\">\n<figure style=\"width:128px;height:128px;\" class=\"is-style-rounded wp-block-wordcamp-avatar\"><img decoding=\"async\" src=\"https:\/\/secure.gravatar.com\/avatar\/997b66ea94239cdfd1e52ea731f64efae642b30d089cae7baf2cac24bdf5edf3?s=128&amp;d=mm&amp;r=g\" alt=\"Maik Bernstein\" \/><\/figure>\n\n<h2 style=\"margin-bottom:0;\" class=\"wp-block-post-title\">Maik Bernstein<\/h2>\n\n\n<div class=\"wp-block-group is-layout-flow wp-block-group-is-layout-flow\" style=\"padding-top:var(--wp--preset--spacing--10);padding-bottom:var(--wp--preset--spacing--10)\"><div class=\"wp-block-jetpack-like\"><div class='sharedaddy sd-block sd-like jetpack-likes-widget-wrapper jetpack-likes-widget-unloaded' id='like-post-wrapper-249357815-120-69e47a1c62b73' data-src='https:\/\/widgets.wp.com\/likes\/index.html?ver=15.5#blog_id=249357815&amp;post_id=120&amp;origin=leipzig.wordcamp.org&amp;obj_id=249357815-120-69e47a1c62b73&amp;block=1' data-name='like-post-frame-249357815-120-69e47a1c62b73' data-title='Liken oder rebloggen'><div class='likes-widget-placeholder post-likes-widget-placeholder' style='height: 55px;'><span class='loading'>Loading\u2026<\/span><\/div><span class='sd-text-color'><\/span><a class='sd-link-color'><\/a><\/div><\/div><\/div>\n\n\n<div class=\"entry-content wp-block-post-content is-layout-flow wp-block-post-content-is-layout-flow\">\n<p>Maik Bernstein bringt wertvolle Erfahrung in der Web-Gestaltung und der Anwendung von WordPress mit sich, was ihn zu einem talentierten Allrounder in diesem Bereich macht. Schon seit seiner Kindheit hat ihn die technische Entwicklung seiner Lebenszeit begeistert, was seine Leidenschaft f\u00fcr diese Branche bis heute aufrechterh\u00e4lt. Mit einer ausgepr\u00e4gten fachlichen Kompetenz und einem tiefen Verst\u00e4ndnis f\u00fcr die neuesten Technologien ist Maik in der Lage, seinem Umfeld und Kunden in jeder Hinsicht eine professionelle und effektive Unterst\u00fctzung zu bieten. Dabei bewahrt er stets einen k\u00fchlen Kopf, auch wenn es darum geht, digitale Br\u00e4nde zu l\u00f6schen.<\/p>\n<\/div>\n<\/li><li class=\"wp-block-post post-117 wcb_organizer type-wcb_organizer status-publish hentry\">\n<figure style=\"width:128px;height:128px;\" class=\"is-style-rounded wp-block-wordcamp-avatar\"><img decoding=\"async\" src=\"https:\/\/secure.gravatar.com\/avatar\/012a619388f2285aa50921a24ecee3836a1b26ec336ffe306fd4ad1d784ab8c6?s=128&amp;d=mm&amp;r=g\" alt=\"Ren\u00e9 Schr\u00f6ter\" \/><\/figure>\n\n<h2 style=\"margin-bottom:0;\" class=\"wp-block-post-title\">Ren\u00e9 Schr\u00f6ter<\/h2>\n\n\n<div class=\"wp-block-group is-layout-flow wp-block-group-is-layout-flow\" style=\"padding-top:var(--wp--preset--spacing--10);padding-bottom:var(--wp--preset--spacing--10)\"><div class=\"wp-block-jetpack-like\"><div class='sharedaddy sd-block sd-like jetpack-likes-widget-wrapper jetpack-likes-widget-unloaded' id='like-post-wrapper-249357815-117-69e47a1c64e56' data-src='https:\/\/widgets.wp.com\/likes\/index.html?ver=15.5#blog_id=249357815&amp;post_id=117&amp;origin=leipzig.wordcamp.org&amp;obj_id=249357815-117-69e47a1c64e56&amp;block=1' data-name='like-post-frame-249357815-117-69e47a1c64e56' data-title='Liken oder rebloggen'><div class='likes-widget-placeholder post-likes-widget-placeholder' style='height: 55px;'><span class='loading'>Loading\u2026<\/span><\/div><span class='sd-text-color'><\/span><a class='sd-link-color'><\/a><\/div><\/div><\/div>\n\n\n<div class=\"entry-content wp-block-post-content is-layout-flow wp-block-post-content-is-layout-flow\">\n<p>Ren\u00e9 Schr\u00f6ter beschreibt sich selbst als Online-Enthusiast und leidenschaftlichen Web-Fanatiker; spricht nur selten in der dritten Person von sich. Angefangen mit phpKit, wechselte er sp\u00e4ter zu Drupal und arbeitet nun seit \u00fcber einem Jahrzehnt mit WordPress. Mit seiner tiefen Leidenschaft f\u00fcr das Internet besch\u00e4ftigt er sich intensiv mit dem Thema SEO und ist ein erfahrener Berater f\u00fcr seine Kunden in allen Belangen des Online-Marketings. Dank seiner umfangreichen Erfahrung und seinem Fachwissen ist Ren\u00e9 in der Lage, ma\u00dfgeschneiderte L\u00f6sungen f\u00fcr jedes Projekt zu entwickeln und dabei stets die neuesten Technologien und Trends zu ber\u00fccksichtigen.<\/p>\n<\/div>\n<\/li><li class=\"wp-block-post post-126 wcb_organizer type-wcb_organizer status-publish hentry\">\n<figure style=\"width:128px;height:128px;\" class=\"is-style-rounded wp-block-wordcamp-avatar\"><img decoding=\"async\" src=\"https:\/\/secure.gravatar.com\/avatar\/f433977da7fa541a5391a1a6f91f25f51ed433a1ee6f696de59ed58091807713?s=128&amp;d=mm&amp;r=g\" alt=\"Thomas Kujawa\" \/><\/figure>\n\n<h2 style=\"margin-bottom:0;\" class=\"wp-block-post-title\">Thomas Kujawa<\/h2>\n\n\n<div class=\"wp-block-group is-layout-flow wp-block-group-is-layout-flow\" style=\"padding-top:var(--wp--preset--spacing--10);padding-bottom:var(--wp--preset--spacing--10)\"><div class=\"wp-block-jetpack-like\"><div class='sharedaddy sd-block sd-like jetpack-likes-widget-wrapper jetpack-likes-widget-unloaded' id='like-post-wrapper-249357815-126-69e47a1c65c79' data-src='https:\/\/widgets.wp.com\/likes\/index.html?ver=15.5#blog_id=249357815&amp;post_id=126&amp;origin=leipzig.wordcamp.org&amp;obj_id=249357815-126-69e47a1c65c79&amp;block=1' data-name='like-post-frame-249357815-126-69e47a1c65c79' data-title='Liken oder rebloggen'><div class='likes-widget-placeholder post-likes-widget-placeholder' style='height: 55px;'><span class='loading'>Loading\u2026<\/span><\/div><span class='sd-text-color'><\/span><a class='sd-link-color'><\/a><\/div><\/div><\/div>\n\n\n<div class=\"entry-content wp-block-post-content is-layout-flow wp-block-post-content-is-layout-flow\">\n<p>\u00dcber den manuellen Umzug (auf Datenbankebene) von Papoo ist Thomas Kujawa Ende 2013 in die WordPress-Community gekommen. Gern engagiert er sich dort in der Werkstatt des Meetup Leipzig und lernt gern dazu.<\/p>\n\n\n\n<p>Seit 2006 sorgt er als Fachkr\u00e4ftesicherer f\u00fcr Betriebe aus dem Mittelstand daf\u00fcr, dass deren Mitarbeitende gern in die Werkhalle oder ins B\u00fcro kommen.<\/p>\n<\/div>\n<\/li><li class=\"wp-block-post post-129 wcb_organizer type-wcb_organizer status-publish hentry\">\n<figure style=\"width:128px;height:128px;\" class=\"is-style-rounded wp-block-wordcamp-avatar\"><img decoding=\"async\" src=\"https:\/\/secure.gravatar.com\/avatar\/2ac5ccc9fb9799f9c6bf98c8ae287073dce99121c32f954c8112e9835601997a?s=128&amp;d=mm&amp;r=g\" alt=\"Thomas Zwirner\" \/><\/figure>\n\n<h2 style=\"margin-bottom:0;\" class=\"wp-block-post-title\">Thomas Zwirner<\/h2>\n\n\n<div class=\"wp-block-group is-layout-flow wp-block-group-is-layout-flow\" style=\"padding-top:var(--wp--preset--spacing--10);padding-bottom:var(--wp--preset--spacing--10)\"><div class=\"wp-block-jetpack-like\"><div class='sharedaddy sd-block sd-like jetpack-likes-widget-wrapper jetpack-likes-widget-unloaded' id='like-post-wrapper-249357815-129-69e47a1c6afcc' data-src='https:\/\/widgets.wp.com\/likes\/index.html?ver=15.5#blog_id=249357815&amp;post_id=129&amp;origin=leipzig.wordcamp.org&amp;obj_id=249357815-129-69e47a1c6afcc&amp;block=1' data-name='like-post-frame-249357815-129-69e47a1c6afcc' data-title='Liken oder rebloggen'><div class='likes-widget-placeholder post-likes-widget-placeholder' style='height: 55px;'><span class='loading'>Loading\u2026<\/span><\/div><span class='sd-text-color'><\/span><a class='sd-link-color'><\/a><\/div><\/div><\/div>\n\n\n<div class=\"entry-content wp-block-post-content is-layout-flow wp-block-post-content-is-layout-flow\">\n<p>Schon in seiner Jugend brachte sich Thomas HTML und CSS selbst bei &#8211; Sprachen, die er neben S\u00e4chsisch gern als seine weiteren Muttersprachen bezeichnet. Bereits 1995 ging seine erste Website online, auf der er seine damaligen Hobbys pr\u00e4sentierte. Als begeisterter Science-Enthusiast und Trekkie fand er auch beruflich seinen Weg in die Webentwicklung. Nach vielf\u00e4ltigen Erfahrungen mit unterschiedlichen CMS entdeckte er 2012 WordPress f\u00fcr sich und sch\u00e4tzte dessen Flexibilit\u00e4t und Benutzerfreundlichkeit. Mit Ausdauer, Ruhe und einem ausgepr\u00e4gten Sinn f\u00fcr nutzerorientierte L\u00f6sungen entwickelte er seither zahlreiche <a href=\"https:\/\/profiles.wordpress.org\/threadi\/#content-plugins\">Plugins<\/a> und Projekte. Zudem engagiert er sich aktiv in der Community &#8211; unter anderem als Moderator in den deutsch- und englischsprachigen Supportforen von WordPress.org.<\/p>\n<\/div>\n<\/li><\/ul><\/div>\n","protected":false},"excerpt":{"rendered":"<p>Organizers note: You can enter content for this page in the Organizers menu item in the sidebar.<\/p>\n","protected":false},"author":13587830,"featured_media":0,"parent":0,"menu_order":0,"comment_status":"closed","ping_status":"closed","template":"","meta":{"jetpack_post_was_ever_published":false,"footnotes":""},"class_list":["post-13","page","type-page","status-publish","hentry"],"jetpack_sharing_enabled":true,"_links":{"self":[{"href":"https:\/\/leipzig.wordcamp.org\/2026\/wp-json\/wp\/v2\/pages\/13","targetHints":{"allow":["GET"]}}],"collection":[{"href":"https:\/\/leipzig.wordcamp.org\/2026\/wp-json\/wp\/v2\/pages"}],"about":[{"href":"https:\/\/leipzig.wordcamp.org\/2026\/wp-json\/wp\/v2\/types\/page"}],"author":[{"embeddable":true,"href":"https:\/\/leipzig.wordcamp.org\/2026\/wp-json\/wp\/v2\/users\/13587830"}],"replies":[{"embeddable":true,"href":"https:\/\/leipzig.wordcamp.org\/2026\/wp-json\/wp\/v2\/comments?post=13"}],"version-history":[{"count":2,"href":"https:\/\/leipzig.wordcamp.org\/2026\/wp-json\/wp\/v2\/pages\/13\/revisions"}],"predecessor-version":[{"id":178,"href":"https:\/\/leipzig.wordcamp.org\/2026\/wp-json\/wp\/v2\/pages\/13\/revisions\/178"}],"wp:attachment":[{"href":"https:\/\/leipzig.wordcamp.org\/2026\/wp-json\/wp\/v2\/media?parent=13"}],"curies":[{"name":"wp","href":"https:\/\/api.w.org\/{rel}","templated":true}]}}