{"id":10,"date":"2025-10-17T12:32:09","date_gmt":"2025-10-17T10:32:09","guid":{"rendered":"https:\/\/leipzig.wordcamp.org\/2026\/sessions\/"},"modified":"2026-01-14T19:09:54","modified_gmt":"2026-01-14T18:09:54","slug":"vortraege","status":"publish","type":"page","link":"https:\/\/leipzig.wordcamp.org\/2026\/vortraege\/","title":{"rendered":"Vortr\u00e4ge"},"content":{"rendered":"\n<figure class=\"wp-block-gallery has-nested-images columns-default is-cropped wp-block-gallery-1 is-layout-flex wp-block-gallery-is-layout-flex\">\n<figure class=\"wp-block-image size-large\"><img decoding=\"async\" data-id=\"1077\" src=\"https:\/\/leipzig.wordcamp.org\/2025\/files\/2025\/05\/hauptorganisatoren-wordcampleipzig2025.jpg\" alt=\"Hinweis WordPress Meetup\" class=\"wp-image-1077\" \/><\/figure>\n\n\n\n<figure class=\"wp-block-image size-large\"><img decoding=\"async\" data-id=\"1075\" src=\"https:\/\/leipzig.wordcamp.org\/2025\/files\/2025\/05\/begruessung-wordcampleipzig2025.jpg\" alt=\"Begr\u00fc\u00dfung durch Jana und Thomas\" class=\"wp-image-1075\" \/><\/figure>\n<\/figure>\n\n\n\n<p>Hier folgen demn\u00e4chste die Vortr\u00e4ge. Du siehst noch nichts? <a href=\"https:\/\/leipzig.wordcamp.org\/2026\/aufruf-vortragende\/\">Dann reiche jetzt hier deinen Vortrag ein!<\/a><\/p>\n\n\n\n<div class=\"wp-block-query has-global-padding is-layout-constrained wp-block-query-is-layout-constrained\"><ul class=\"alignwide wp-block-post-template is-layout-flow wp-block-post-template-is-layout-flow\"><li class=\"wp-block-post post-506 wcb_session type-wcb_session status-publish hentry\">\n\n<div class=\"wp-block-group has-global-padding is-layout-constrained wp-block-group-is-layout-constrained\"><h2 class=\"alignwide wp-block-post-title has-var-wp-custom-typography-font-size-huge-clamp-2-25-rem-4-vw-2-75-rem-font-size\"><a href=\"https:\/\/leipzig.wordcamp.org\/2026\/session\/einlass\/\" target=\"_self\" >Einlass<\/a><\/h2>\n\n<div class=\"wp-block-wordcamp-session-date\"><time dateTime=\"2026-05-09T09:00:00+02:00\">9. Mai 2026 9:00 CEST<\/time><\/div>\n\n\n\n\n\n\n\n\n<div style=\"height:16px\" aria-hidden=\"true\" class=\"wp-block-spacer\"><\/div>\n\n\n\n<hr class=\"wp-block-separator has-css-opacity alignwide is-style-wide\" \/>\n\n\n\n<div style=\"height:16px\" aria-hidden=\"true\" class=\"wp-block-spacer\"><\/div>\n<\/div>\n\n<\/li><li class=\"wp-block-post post-508 wcb_session type-wcb_session status-publish hentry\">\n\n<div class=\"wp-block-group has-global-padding is-layout-constrained wp-block-group-is-layout-constrained\"><h2 class=\"alignwide wp-block-post-title has-var-wp-custom-typography-font-size-huge-clamp-2-25-rem-4-vw-2-75-rem-font-size\"><a href=\"https:\/\/leipzig.wordcamp.org\/2026\/session\/eroeffnung\/\" target=\"_self\" >Er\u00f6ffnung<\/a><\/h2>\n\n<div class=\"wp-block-wordcamp-session-date\"><time dateTime=\"2026-05-09T09:30:00+02:00\">9. Mai 2026 9:30 CEST<\/time><\/div>\n\n\n\n\n\n\n\n\n<div style=\"height:16px\" aria-hidden=\"true\" class=\"wp-block-spacer\"><\/div>\n\n\n\n<hr class=\"wp-block-separator has-css-opacity alignwide is-style-wide\" \/>\n\n\n\n<div style=\"height:16px\" aria-hidden=\"true\" class=\"wp-block-spacer\"><\/div>\n<\/div>\n\n<\/li><li class=\"wp-block-post post-326 wcb_session type-wcb_session status-publish hentry\">\n\n<div class=\"wp-block-group has-global-padding is-layout-constrained wp-block-group-is-layout-constrained\"><h2 class=\"alignwide wp-block-post-title has-var-wp-custom-typography-font-size-huge-clamp-2-25-rem-4-vw-2-75-rem-font-size\"><a href=\"https:\/\/leipzig.wordcamp.org\/2026\/session\/auch-du-bist-trainer\/\" target=\"_self\" >Auch Du bist Trainer!<\/a><\/h2>\n\n<div class=\"wp-block-wordcamp-session-date\"><time dateTime=\"2026-05-09T09:45:00+02:00\">9. Mai 2026 9:45 CEST<\/time><\/div>\n\n\n\n<div class=\"entry-content wp-block-post-content is-layout-flow wp-block-post-content-is-layout-flow\">\n<p>Vom Praktikanten, \u00fcber die Grafikerin, hin zur Marketing-Pro bis zum Junior Developer: alle m\u00fcssen WordPress lernen, damit sie es richtig und mit Freude nutzen k\u00f6nnen. Und fast alle m\u00fcssen WordPress irgendwem erkl\u00e4ren.<br><br>In diesem Talk geht es darum, wie man die Herausforderungen bew\u00e4ltigt, die einem als Trainer begegnen. Du kennst Dich in Deinem Bereich gut aus? Wunderbar! Selbst verstehen bedeutet aber nicht, auch erkl\u00e4ren zu k\u00f6nnen. Die gute Nachricht: Man muss nicht Lehramt studiert haben, um WordPress-Know-How vermitteln zu k\u00f6nnen. In diesem Crashkurs bekommst Du 15 Tipps mit denen Du Deine Performance als TrainerIn verbessern kannst!<\/p>\n\n\n<div class=\"wp-block-wordcamp-session-speakers\"><span class=\"wp-block-wordcamp-session-speakers__byline\">Pr\u00e4sentiert von<\/span><span class=\"wp-block-wordcamp-session-speakers__name\"><a href=\"https:\/\/leipzig.wordcamp.org\/2026\/speaker\/harry-martin\/\">Harry Martin<\/a><\/span><\/div>\n\n\n<p><\/p>\n<\/div>\n\n\n\n\n<div style=\"height:16px\" aria-hidden=\"true\" class=\"wp-block-spacer\"><\/div>\n\n\n\n<hr class=\"wp-block-separator has-css-opacity alignwide is-style-wide\" \/>\n\n\n\n<div style=\"height:16px\" aria-hidden=\"true\" class=\"wp-block-spacer\"><\/div>\n<\/div>\n\n<\/li><li class=\"wp-block-post post-402 wcb_session type-wcb_session status-publish hentry\">\n\n<div class=\"wp-block-group has-global-padding is-layout-constrained wp-block-group-is-layout-constrained\"><h2 class=\"alignwide wp-block-post-title has-var-wp-custom-typography-font-size-huge-clamp-2-25-rem-4-vw-2-75-rem-font-size\"><a href=\"https:\/\/leipzig.wordcamp.org\/2026\/session\/fluch-und-segen-als-freiberufler\/\" target=\"_self\" >Fluch und Segen als Freiberufler<\/a><\/h2>\n\n<div class=\"wp-block-wordcamp-session-date\"><time dateTime=\"2026-05-09T10:40:00+02:00\">9. Mai 2026 10:40 CEST<\/time><\/div>\n\n\n\n<div class=\"entry-content wp-block-post-content is-layout-flow wp-block-post-content-is-layout-flow\">\n<p>Nach dem Motto \u201eCommunity und Business: Lach-, und Sachgeschichten, Erfolge und Misserfolge im Freelancing\u201c gebe ich Einblicke in den Arbeitsalltag als Freiberufler mit Schwerpunkt auf WordPress. Ich zeige, wie Kund*innen bei mir gewonnen werden, welche Kooperationen entstehen, welche Services angeboten werden, was \u00fcberhaupt \u201ewir\u201c ist und wie mich das t\u00e4gliche Arbeiten mit WordPress pr\u00e4gt \u2013 aus der Praxis eines langj\u00e4hrig Selbstst\u00e4ndigen.<br>Der Vortrag baut auf pers\u00f6nlichen Erfahrungen und meinen Einsch\u00e4tzungen auf. Um meine eigenen Themen herum gebe ich aber auch Tipps weiter, was noch alles funktionieren kann und warum ich mich f\u00fcr meine Wege entschieden habe. Im letzten Teil des Vortags freue ich mich auch \u00fcber Tipps, Erfahrungen und Impulse aus der Community.<\/p>\n\n\n<div class=\"wp-block-wordcamp-session-speakers\"><span class=\"wp-block-wordcamp-session-speakers__byline\">Pr\u00e4sentiert von<\/span><span class=\"wp-block-wordcamp-session-speakers__name\"><a href=\"https:\/\/leipzig.wordcamp.org\/2026\/speaker\/johannes\/\">Johannes Mairhofer<\/a><\/span><\/div>\n\n\n<p><\/p>\n<\/div>\n\n\n\n\n<div style=\"height:16px\" aria-hidden=\"true\" class=\"wp-block-spacer\"><\/div>\n\n\n\n<hr class=\"wp-block-separator has-css-opacity alignwide is-style-wide\" \/>\n\n\n\n<div style=\"height:16px\" aria-hidden=\"true\" class=\"wp-block-spacer\"><\/div>\n<\/div>\n\n<\/li><li class=\"wp-block-post post-436 wcb_session type-wcb_session status-publish hentry\">\n\n<div class=\"wp-block-group has-global-padding is-layout-constrained wp-block-group-is-layout-constrained\"><h2 class=\"alignwide wp-block-post-title has-var-wp-custom-typography-font-size-huge-clamp-2-25-rem-4-vw-2-75-rem-font-size\"><a href=\"https:\/\/leipzig.wordcamp.org\/2026\/session\/caught-in-the-act-webseiten-live-mit-voiceover-auf-smartphone-erkunden\/\" target=\"_self\" >Caught In The Act &#8211; Webseiten live mit VoiceOver auf Smartphone erkunden<\/a><\/h2>\n\n<div class=\"wp-block-wordcamp-session-date\"><time dateTime=\"2026-05-09T11:35:00+02:00\">9. Mai 2026 11:35 CEST<\/time><\/div>\n\n\n\n<div class=\"entry-content wp-block-post-content is-layout-flow wp-block-post-content-is-layout-flow\">\n<div class=\"wp-block-wordcamp-session-speakers\"><span class=\"wp-block-wordcamp-session-speakers__byline\">Pr\u00e4sentiert von<\/span><span class=\"wp-block-wordcamp-session-speakers__name\"><a href=\"https:\/\/leipzig.wordcamp.org\/2026\/speaker\/manuela-grunert-2\/\">Manuela Grunert<\/a><\/span><\/div><\/div>\n\n\n\n\n<div style=\"height:16px\" aria-hidden=\"true\" class=\"wp-block-spacer\"><\/div>\n\n\n\n<hr class=\"wp-block-separator has-css-opacity alignwide is-style-wide\" \/>\n\n\n\n<div style=\"height:16px\" aria-hidden=\"true\" class=\"wp-block-spacer\"><\/div>\n<\/div>\n\n<\/li><li class=\"wp-block-post post-468 wcb_session type-wcb_session status-publish hentry\">\n\n<div class=\"wp-block-group has-global-padding is-layout-constrained wp-block-group-is-layout-constrained\"><h2 class=\"alignwide wp-block-post-title has-var-wp-custom-typography-font-size-huge-clamp-2-25-rem-4-vw-2-75-rem-font-size\"><a href=\"https:\/\/leipzig.wordcamp.org\/2026\/session\/gruppenfoto\/\" target=\"_self\" >Gruppenfoto<\/a><\/h2>\n\n<div class=\"wp-block-wordcamp-session-date\"><time dateTime=\"2026-05-09T12:15:00+02:00\">9. Mai 2026 12:15 CEST<\/time><\/div>\n\n\n\n\n\n\n\n\n<div style=\"height:16px\" aria-hidden=\"true\" class=\"wp-block-spacer\"><\/div>\n\n\n\n<hr class=\"wp-block-separator has-css-opacity alignwide is-style-wide\" \/>\n\n\n\n<div style=\"height:16px\" aria-hidden=\"true\" class=\"wp-block-spacer\"><\/div>\n<\/div>\n\n<\/li><li class=\"wp-block-post post-470 wcb_session type-wcb_session status-publish hentry\">\n\n<div class=\"wp-block-group has-global-padding is-layout-constrained wp-block-group-is-layout-constrained\"><h2 class=\"alignwide wp-block-post-title has-var-wp-custom-typography-font-size-huge-clamp-2-25-rem-4-vw-2-75-rem-font-size\"><a href=\"https:\/\/leipzig.wordcamp.org\/2026\/session\/mittagessen\/\" target=\"_self\" >Mittagessen<\/a><\/h2>\n\n<div class=\"wp-block-wordcamp-session-date\"><time dateTime=\"2026-05-09T12:30:00+02:00\">9. Mai 2026 12:30 CEST<\/time><\/div>\n\n\n\n\n\n\n\n\n<div style=\"height:16px\" aria-hidden=\"true\" class=\"wp-block-spacer\"><\/div>\n\n\n\n<hr class=\"wp-block-separator has-css-opacity alignwide is-style-wide\" \/>\n\n\n\n<div style=\"height:16px\" aria-hidden=\"true\" class=\"wp-block-spacer\"><\/div>\n<\/div>\n\n<\/li><li class=\"wp-block-post post-342 wcb_session type-wcb_session status-publish hentry\">\n\n<div class=\"wp-block-group has-global-padding is-layout-constrained wp-block-group-is-layout-constrained\"><h2 class=\"alignwide wp-block-post-title has-var-wp-custom-typography-font-size-huge-clamp-2-25-rem-4-vw-2-75-rem-font-size\"><a href=\"https:\/\/leipzig.wordcamp.org\/2026\/session\/wordpress-das-gibts-immer-noch\/\" target=\"_self\" >WordPress als Tool f\u00fcr Agenturen \u2013 immer noch zeitgem\u00e4\u00df?<\/a><\/h2>\n\n<div class=\"wp-block-wordcamp-session-date\"><time dateTime=\"2026-05-09T13:15:00+02:00\">9. Mai 2026 13:15 CEST<\/time><\/div>\n\n\n\n<div class=\"entry-content wp-block-post-content is-layout-flow wp-block-post-content-is-layout-flow\">\n<p>&#8222;WordPress? Das gibt\u2019s immer noch?&#8220; \u2013 Genau diese Frage h\u00f6ren wir im Agentur-Alltag nach wie vor regelm\u00e4\u00dfig. In seinem Vortrag m\u00f6chte Oliver Gehrmann Strategien aufzeigen, wie man mit der R\u00fcckfrage umgehen kann, und WordPress als CMS der Wahl sogar als Vorteil verkaufen. Es gibt Einblicke in die Themen Positionierung, Angebotsgestaltung und Kundenkommunikation, um auf diese Weise zu verdeutlichen, dass auf WordPress spezialisierte Agenturen durchaus noch eine Zukunft haben und gerade in der sich schnell durch KI ver\u00e4ndernden Welt nahezu ideal platziert sind. <\/p>\n\n\n\n<p><\/p>\n<\/div>\n\n\n\n\n<div style=\"height:16px\" aria-hidden=\"true\" class=\"wp-block-spacer\"><\/div>\n\n\n\n<hr class=\"wp-block-separator has-css-opacity alignwide is-style-wide\" \/>\n\n\n\n<div style=\"height:16px\" aria-hidden=\"true\" class=\"wp-block-spacer\"><\/div>\n<\/div>\n\n<\/li><li class=\"wp-block-post post-408 wcb_session type-wcb_session status-publish hentry\">\n\n<div class=\"wp-block-group has-global-padding is-layout-constrained wp-block-group-is-layout-constrained\"><h2 class=\"alignwide wp-block-post-title has-var-wp-custom-typography-font-size-huge-clamp-2-25-rem-4-vw-2-75-rem-font-size\"><a href=\"https:\/\/leipzig.wordcamp.org\/2026\/session\/ki-schreibt-keinen-guten-code-oder-doch\/\" target=\"_self\" >KI schreibt keinen guten Code \u2013 oder doch?<\/a><\/h2>\n\n<div class=\"wp-block-wordcamp-session-date\"><time dateTime=\"2026-05-09T14:10:00+02:00\">9. Mai 2026 14:10 CEST<\/time><\/div>\n\n\n\n<div class=\"entry-content wp-block-post-content is-layout-flow wp-block-post-content-is-layout-flow\">\n<p>Man h\u00f6rt es immer wieder: KI schreibt keinen guten Code. Aber stimmt das wirklich? Mit dem Vormarsch von Agents, Skills und Co. wird KI immer m\u00e4chtiger und immer mehr Teil unseres Arbeitsalltags. 52 Playwright-Tests inklusive initialem Setup und Feinschliff in rund einer Stunde. Das Problem ist also nicht mehr, wie schnell schreibe ich Code, sondern wie schnell kann ich ihn pr\u00fcfen.<\/p>\n\n\n\n<p>In diesem Talk zeige ich euch, wie ihr trotz \u2013 oder dank \u2013 KI guten Code schreiben k\u00f6nnt. Wir starten mit einem kurzen Abriss, warum Code-Qualit\u00e4t wichtig ist, und werfen einen Blick darauf, wie die richtigen Prompts die ersten Unterschiede machen. Danach schauen wir uns die Tools an, die wir schon hundertmal auf \u201ebeim n\u00e4chsten Projekt!&#8220; verschoben haben \u2013 und setzen sie ein. Und zwar jetzt! Dabei schauen wir vor allem, welchen Einfluss sie auf die Entwicklung mit KI haben.<\/p>\n\n\n\n<p>Tools, die wir hier nutzen werden:<br>* PHPStan, PHPUnit, PHPCS, ESLint, Stylelint<br>* Playwright<br>* GitHub Actions, Commit Hooks &amp; commitlint<br>* und weitere<\/p>\n\n\n<div class=\"wp-block-wordcamp-session-speakers\"><span class=\"wp-block-wordcamp-session-speakers__byline\">Pr\u00e4sentiert von<\/span><span class=\"wp-block-wordcamp-session-speakers__name\"><a href=\"https:\/\/leipzig.wordcamp.org\/2026\/speaker\/christoph-daum\/\">Christoph Daum<\/a><\/span><\/div>\n\n\n<p><\/p>\n<\/div>\n\n\n\n\n<div style=\"height:16px\" aria-hidden=\"true\" class=\"wp-block-spacer\"><\/div>\n\n\n\n<hr class=\"wp-block-separator has-css-opacity alignwide is-style-wide\" \/>\n\n\n\n<div style=\"height:16px\" aria-hidden=\"true\" class=\"wp-block-spacer\"><\/div>\n<\/div>\n\n<\/li><li class=\"wp-block-post post-439 wcb_session type-wcb_session status-publish hentry\">\n\n<div class=\"wp-block-group has-global-padding is-layout-constrained wp-block-group-is-layout-constrained\"><h2 class=\"alignwide wp-block-post-title has-var-wp-custom-typography-font-size-huge-clamp-2-25-rem-4-vw-2-75-rem-font-size\"><a href=\"https:\/\/leipzig.wordcamp.org\/2026\/session\/barrierefreiheit-das-ist-doch-uebertrieben-gut-gemeint-ist-nicht-gleich-gut-gemacht\/\" target=\"_self\" >Barrierefreiheit, das ist doch \u00fcbertrieben &#8211; Gut gemeint ist nicht gleich gut gemacht<\/a><\/h2>\n\n<div class=\"wp-block-wordcamp-session-date\"><time dateTime=\"2026-05-09T15:05:00+02:00\">9. Mai 2026 15:05 CEST<\/time><\/div>\n\n\n\n<div class=\"entry-content wp-block-post-content is-layout-flow wp-block-post-content-is-layout-flow\">\n<p>Der Gedanke von barrierefreien Webseiten h\u00e4lt immer mehr Einzug und es wird versucht, diesen auch umzusetzen. Leider werden weiterhin wichtige Punkte \u00fcbersehen oder es wird mit verschiedenen Mitteln etwas verschlimmbessert. In diesem Vortrag werden wir uns gemeinsam aus der Realtit\u00e4t entnommene Beispiele mit einem Screenreader ansehen und diskutieren. Schwerpunkte werden u. a. aria-label und Techniken wie Visually-Hidden bzw. Screenreader-Only sein.<\/p>\n\n\n<div class=\"wp-block-wordcamp-session-speakers\"><span class=\"wp-block-wordcamp-session-speakers__byline\">Pr\u00e4sentiert von<\/span><span class=\"wp-block-wordcamp-session-speakers__name\"><a href=\"https:\/\/leipzig.wordcamp.org\/2026\/speaker\/madoushi\/\">Mathias Grunert<\/a><\/span><\/div><\/div>\n\n\n\n\n<div style=\"height:16px\" aria-hidden=\"true\" class=\"wp-block-spacer\"><\/div>\n\n\n\n<hr class=\"wp-block-separator has-css-opacity alignwide is-style-wide\" \/>\n\n\n\n<div style=\"height:16px\" aria-hidden=\"true\" class=\"wp-block-spacer\"><\/div>\n<\/div>\n\n<\/li><li class=\"wp-block-post post-494 wcb_session type-wcb_session status-publish hentry\">\n\n<div class=\"wp-block-group has-global-padding is-layout-constrained wp-block-group-is-layout-constrained\"><h2 class=\"alignwide wp-block-post-title has-var-wp-custom-typography-font-size-huge-clamp-2-25-rem-4-vw-2-75-rem-font-size\"><a href=\"https:\/\/leipzig.wordcamp.org\/2026\/session\/kaffeezeit\/\" target=\"_self\" >Kaffeezeit<\/a><\/h2>\n\n<div class=\"wp-block-wordcamp-session-date\"><time dateTime=\"2026-05-09T15:45:00+02:00\">9. Mai 2026 15:45 CEST<\/time><\/div>\n\n\n\n\n\n\n\n\n<div style=\"height:16px\" aria-hidden=\"true\" class=\"wp-block-spacer\"><\/div>\n\n\n\n<hr class=\"wp-block-separator has-css-opacity alignwide is-style-wide\" \/>\n\n\n\n<div style=\"height:16px\" aria-hidden=\"true\" class=\"wp-block-spacer\"><\/div>\n<\/div>\n\n<\/li><li class=\"wp-block-post post-369 wcb_session type-wcb_session status-publish hentry\">\n\n<div class=\"wp-block-group has-global-padding is-layout-constrained wp-block-group-is-layout-constrained\"><h2 class=\"alignwide wp-block-post-title has-var-wp-custom-typography-font-size-huge-clamp-2-25-rem-4-vw-2-75-rem-font-size\"><a href=\"https:\/\/leipzig.wordcamp.org\/2026\/session\/automatisierung-die-im-alltag-funktioniert-workflows-die-teams-spuerbar-entlasten\/\" target=\"_self\" >Automatisierung, die im Alltag funktioniert: Workflows, die Teams sp\u00fcrbar entlasten<\/a><\/h2>\n\n<div class=\"wp-block-wordcamp-session-date\"><time dateTime=\"2026-05-09T16:00:00+02:00\">9. Mai 2026 16:00 CEST<\/time><\/div>\n\n\n\n<div class=\"entry-content wp-block-post-content is-layout-flow wp-block-post-content-is-layout-flow\">\n<p>In vielen Teams gehen jede Woche Stunden f\u00fcr wiederkehrende Aufgaben verloren. Anfragen werden weitergereicht, Supportf\u00e4lle manuell sortiert und Reports unter Zeitdruck erstellt. Diese Session zeigt, welche Workflows solche Routinen deutlich reduzieren k\u00f6nnen und worauf es beim Aufbau ankommt, damit sie im Alltag zuverl\u00e4ssig funktionieren.<\/p>\n\n\n\n<p>Anhand der drei Bereiche Anfragen, Support und Reporting wird gezeigt, wie Struktur, Freigaben und ein klarer Umgang mit Fehlerf\u00e4llen einen realistischen Einstieg in die Automatisierung erm\u00f6glichen.<\/p>\n\n\n\n<p>Benjamin Zekavica zeigt, wie sich robuste Workflows und Automatisierung so aufbauen lassen, dass Teams im Alltag sp\u00fcrbar entlastet werden. Als Gr\u00fcnder von Kreo Pulse und der Entwicklerplattform UnleashWP sowie Mitglied des WordPress Core Teams verbindet er strategische Perspektive mit technischer Tiefe. Seit \u00fcber 15 Jahren entwickelt er WordPress-Projekte, mit dem klaren Ziel, Wiederholungsarbeit zu reduzieren und Abl\u00e4ufe verl\u00e4sslicher zu machen.<\/p>\n\n\n<div class=\"wp-block-wordcamp-session-speakers\"><span class=\"wp-block-wordcamp-session-speakers__byline\">Pr\u00e4sentiert von<\/span><span class=\"wp-block-wordcamp-session-speakers__name\"><a href=\"https:\/\/leipzig.wordcamp.org\/2026\/speaker\/benjamin-zekavica\/\">Benjamin Zekavica<\/a><\/span><\/div><\/div>\n\n\n\n\n<div style=\"height:16px\" aria-hidden=\"true\" class=\"wp-block-spacer\"><\/div>\n\n\n\n<hr class=\"wp-block-separator has-css-opacity alignwide is-style-wide\" \/>\n\n\n\n<div style=\"height:16px\" aria-hidden=\"true\" class=\"wp-block-spacer\"><\/div>\n<\/div>\n\n<\/li><li class=\"wp-block-post post-416 wcb_session type-wcb_session status-publish hentry\">\n\n<div class=\"wp-block-group has-global-padding is-layout-constrained wp-block-group-is-layout-constrained\"><h2 class=\"alignwide wp-block-post-title has-var-wp-custom-typography-font-size-huge-clamp-2-25-rem-4-vw-2-75-rem-font-size\"><a href=\"https:\/\/leipzig.wordcamp.org\/2026\/session\/vibe-coding-echt-jetzt\/\" target=\"_self\" >Vibe Coding \u2013 echt jetzt!<\/a><\/h2>\n\n<div class=\"wp-block-wordcamp-session-date\"><time dateTime=\"2026-05-09T16:55:00+02:00\">9. Mai 2026 16:55 CEST<\/time><\/div>\n\n\n\n<div class=\"entry-content wp-block-post-content is-layout-flow wp-block-post-content-is-layout-flow\">\n<p>\u201eVibe Coding\u201c steht sinnbildlich f\u00fcr das, was gerade passiert: KI-Tools erzeugen in Sekunden Code f\u00fcr Plugins, Themes oder komplette Features. Das f\u00fchlt sich schnell und produktiv an.<\/p>\n\n\n\n<p>Ich m\u00f6chte zeigen, wo das sinnvoll ist \u2013 und wo es kritisch wird.<\/p>\n\n\n\n<p>Es geht nicht um Tool-Demos oder Prompt-Optimierung, sondern um Verantwortung im produktiven WordPress-Betrieb:<\/p>\n\n\n\n<ul class=\"wp-block-list\">\n<li>Wie setze ich KI bei Plugin- oder Theme-Entwicklung sinnvoll ein?<\/li>\n\n\n\n<li>Woran erkenne ich strukturelle Schw\u00e4chen im generierten Code?<\/li>\n\n\n\n<li>Welche Risiken entstehen bei Sicherheit, Wartbarkeit und Performance?<\/li>\n\n\n\n<li>Wie vermeide ich neue technische Schulden?<\/li>\n\n\n\n<li>Welche Rolle spielen Tests, Architektur und Review weiterhin?<\/li>\n\n\n\n<li>KI ist ein Werkzeug. Aber sie ersetzt kein Verst\u00e4ndnis f\u00fcr WordPress-Interna, Hooks, Datenstrukturen oder Laufzeitverhalten.<\/li>\n\n\n\n<li>Der Vortrag ordnet das Thema n\u00fcchtern ein \u2013 aus Sicht von jemandem, der Systeme langfristig betreibt und nicht nur baut.<\/li>\n<\/ul>\n\n\n<div class=\"wp-block-wordcamp-session-speakers\"><span class=\"wp-block-wordcamp-session-speakers__byline\">Pr\u00e4sentiert von<\/span><span class=\"wp-block-wordcamp-session-speakers__name\"><a href=\"https:\/\/leipzig.wordcamp.org\/2026\/speaker\/rene-reimann\/\">Rene Reimann<\/a><\/span><\/div><\/div>\n\n\n\n\n<div style=\"height:16px\" aria-hidden=\"true\" class=\"wp-block-spacer\"><\/div>\n\n\n\n<hr class=\"wp-block-separator has-css-opacity alignwide is-style-wide\" \/>\n\n\n\n<div style=\"height:16px\" aria-hidden=\"true\" class=\"wp-block-spacer\"><\/div>\n<\/div>\n\n<\/li><li class=\"wp-block-post post-502 wcb_session type-wcb_session status-publish hentry\">\n\n<div class=\"wp-block-group has-global-padding is-layout-constrained wp-block-group-is-layout-constrained\"><h2 class=\"alignwide wp-block-post-title has-var-wp-custom-typography-font-size-huge-clamp-2-25-rem-4-vw-2-75-rem-font-size\"><a href=\"https:\/\/leipzig.wordcamp.org\/2026\/session\/verabschiedung\/\" target=\"_self\" >Verabschiedung<\/a><\/h2>\n\n<div class=\"wp-block-wordcamp-session-date\"><time dateTime=\"2026-05-09T17:40:00+02:00\">9. Mai 2026 17:40 CEST<\/time><\/div>\n\n\n\n\n\n\n\n\n<div style=\"height:16px\" aria-hidden=\"true\" class=\"wp-block-spacer\"><\/div>\n\n\n\n<hr class=\"wp-block-separator has-css-opacity alignwide is-style-wide\" \/>\n\n\n\n<div style=\"height:16px\" aria-hidden=\"true\" class=\"wp-block-spacer\"><\/div>\n<\/div>\n\n<\/li><li class=\"wp-block-post post-504 wcb_session type-wcb_session status-publish hentry\">\n\n<div class=\"wp-block-group has-global-padding is-layout-constrained wp-block-group-is-layout-constrained\"><h2 class=\"alignwide wp-block-post-title has-var-wp-custom-typography-font-size-huge-clamp-2-25-rem-4-vw-2-75-rem-font-size\"><a href=\"https:\/\/leipzig.wordcamp.org\/2026\/session\/after-show-party\/\" target=\"_self\" >After Show Party<\/a><\/h2>\n\n<div class=\"wp-block-wordcamp-session-date\"><time dateTime=\"2026-05-09T18:00:00+02:00\">9. Mai 2026 18:00 CEST<\/time><\/div>\n\n\n\n\n\n\n\n\n<div style=\"height:16px\" aria-hidden=\"true\" class=\"wp-block-spacer\"><\/div>\n\n\n\n<hr class=\"wp-block-separator has-css-opacity alignwide is-style-wide\" \/>\n\n\n\n<div style=\"height:16px\" aria-hidden=\"true\" class=\"wp-block-spacer\"><\/div>\n<\/div>\n\n<\/li><\/ul><\/div>\n","protected":false},"excerpt":{"rendered":"<p>Hier folgen demn\u00e4chste die Vortr\u00e4ge. Du siehst noch nichts? Dann reiche jetzt hier deinen Vortrag ein!<\/p>\n","protected":false},"author":13587830,"featured_media":0,"parent":0,"menu_order":0,"comment_status":"closed","ping_status":"closed","template":"","meta":{"jetpack_post_was_ever_published":false,"footnotes":""},"class_list":["post-10","page","type-page","status-publish","hentry"],"jetpack_sharing_enabled":true,"_links":{"self":[{"href":"https:\/\/leipzig.wordcamp.org\/2026\/wp-json\/wp\/v2\/pages\/10","targetHints":{"allow":["GET"]}}],"collection":[{"href":"https:\/\/leipzig.wordcamp.org\/2026\/wp-json\/wp\/v2\/pages"}],"about":[{"href":"https:\/\/leipzig.wordcamp.org\/2026\/wp-json\/wp\/v2\/types\/page"}],"author":[{"embeddable":true,"href":"https:\/\/leipzig.wordcamp.org\/2026\/wp-json\/wp\/v2\/users\/13587830"}],"replies":[{"embeddable":true,"href":"https:\/\/leipzig.wordcamp.org\/2026\/wp-json\/wp\/v2\/comments?post=10"}],"version-history":[{"count":5,"href":"https:\/\/leipzig.wordcamp.org\/2026\/wp-json\/wp\/v2\/pages\/10\/revisions"}],"predecessor-version":[{"id":295,"href":"https:\/\/leipzig.wordcamp.org\/2026\/wp-json\/wp\/v2\/pages\/10\/revisions\/295"}],"wp:attachment":[{"href":"https:\/\/leipzig.wordcamp.org\/2026\/wp-json\/wp\/v2\/media?parent=10"}],"curies":[{"name":"wp","href":"https:\/\/api.w.org\/{rel}","templated":true}]}}