{"id":12,"date":"2024-06-07T10:48:50","date_gmt":"2024-06-07T08:48:50","guid":{"rendered":"https:\/\/leipzig.wordcamp.org\/2025\/organizers\/"},"modified":"2025-01-28T16:19:03","modified_gmt":"2025-01-28T15:19:03","slug":"organisatoren","status":"publish","type":"page","link":"https:\/\/leipzig.wordcamp.org\/2025\/organisatoren\/","title":{"rendered":"Organisatoren"},"content":{"rendered":"\n<p class=\"hideme has-background wp-block-paragraph\" style=\"background-color:#eeeeee\"><em>Organizers note:<\/em> You can enter content for this page in the Organizers menu item in the sidebar.<\/p>\n\n\n\n<div class=\"wp-block-query is-layout-flow wp-block-query-is-layout-flow\"><ul class=\"columns-2 wp-block-post-template is-layout-grid wp-container-core-post-template-is-layout-61f79321 wp-block-post-template-is-layout-grid\"><li class=\"wp-block-post post-265 wcb_organizer type-wcb_organizer status-publish hentry\">\n<figure style=\"width:128px;height:128px;\" class=\"is-style-rounded wp-block-wordcamp-avatar\"><img decoding=\"async\" src=\"https:\/\/secure.gravatar.com\/avatar\/f000b375bf8f7641bbaf18471303142247b98994c6264cf66f34f3914edc1bb0?s=128&amp;d=mm&amp;r=g\" alt=\"Hendrik Meibeck\" \/><\/figure>\n\n<h2 style=\"margin-bottom:0;\" class=\"wp-block-post-title\">Hendrik Meibeck<\/h2>\n\n\n<div class=\"wp-block-group is-layout-flow wp-block-group-is-layout-flow\" style=\"padding-top:var(--wp--preset--spacing--10);padding-bottom:var(--wp--preset--spacing--10)\"><div class=\"wp-block-jetpack-like\"><div class='sharedaddy sd-block sd-like jetpack-likes-widget-wrapper jetpack-likes-widget-unloaded' id='like-post-wrapper-233934335-265-69f2ea9a59bd1' data-src='https:\/\/widgets.wp.com\/likes\/index.html?ver=15.7.1#blog_id=233934335&amp;post_id=265&amp;origin=leipzig.wordcamp.org&amp;obj_id=233934335-265-69f2ea9a59bd1&amp;block=1' data-name='like-post-frame-233934335-265-69f2ea9a59bd1' data-title='Liken oder rebloggen'><div class='likes-widget-placeholder post-likes-widget-placeholder' style='height: 55px;'><span class='loading'>Loading\u2026<\/span><\/div><span class='sd-text-color'><\/span><a class='sd-link-color'><\/a><\/div><\/div><\/div>\n\n\n<div class=\"entry-content wp-block-post-content is-layout-flow wp-block-post-content-is-layout-flow\">\n<p class=\"wp-block-paragraph\">Hendrik brachte sich im jungen Alter von 13 Jahren mithilfe von <a href=\"https:\/\/wiki.selfhtml.org\/wiki\/SELFHTML\" target=\"_blank\" rel=\"noreferrer noopener\">selfhtml.org<\/a>\u00a0selbst HTML und CSS bei. Anschlie\u00dfend sammelte er die ersten Ber\u00fchrungspunkte mit WordPress \u00fcber die schulische \u201eComputer AG\u201c. Nach langj\u00e4hriger T\u00e4tigkeit als Mediengestalter und CPT-Operator in einer der gr\u00f6\u00dften Druckereien Europas ist er nun seit \u00fcber 3 Jahren vollst\u00e4ndig im Website- und WordPress-Geschehen zur\u00fcck.<\/p>\n\n\n\n<p class=\"wp-block-paragraph\">Mit seinem hohen Enthusiasmus und einer gewaltigen Neugierde ist er in k\u00fcrzester Zeit zu einem grundsoliden, wie er selbst sagt, \u201eWordPress Creator\u201c bei <a href=\"https:\/\/kronfink.de\/\" target=\"_blank\" rel=\"noreferrer noopener\">Kronfink<\/a> geworden. Immer darauf aus, die besten L\u00f6sungen f\u00fcr jedes Projekt und alle Beteiligten zu finden oder zu schaffen.<\/p>\n<\/div>\n<\/li><li class=\"wp-block-post post-162 wcb_organizer type-wcb_organizer status-publish hentry\">\n<figure style=\"width:128px;height:128px;\" class=\"is-style-rounded wp-block-wordcamp-avatar\"><img decoding=\"async\" src=\"https:\/\/secure.gravatar.com\/avatar\/bb3c2f0ca845a2d69bed37a392939fbe27217aca70d6dd1069f027bc21c3c76c?s=128&amp;d=mm&amp;r=g\" alt=\"Jana Schlegel\" \/><\/figure>\n\n<h2 style=\"margin-bottom:0;\" class=\"wp-block-post-title\">Jana Schlegel<\/h2>\n\n\n<div class=\"wp-block-group is-layout-flow wp-block-group-is-layout-flow\" style=\"padding-top:var(--wp--preset--spacing--10);padding-bottom:var(--wp--preset--spacing--10)\"><div class=\"wp-block-jetpack-like\"><div class='sharedaddy sd-block sd-like jetpack-likes-widget-wrapper jetpack-likes-widget-unloaded' id='like-post-wrapper-233934335-162-69f2ea9a5f4ce' data-src='https:\/\/widgets.wp.com\/likes\/index.html?ver=15.7.1#blog_id=233934335&amp;post_id=162&amp;origin=leipzig.wordcamp.org&amp;obj_id=233934335-162-69f2ea9a5f4ce&amp;block=1' data-name='like-post-frame-233934335-162-69f2ea9a5f4ce' data-title='Liken oder rebloggen'><div class='likes-widget-placeholder post-likes-widget-placeholder' style='height: 55px;'><span class='loading'>Loading\u2026<\/span><\/div><span class='sd-text-color'><\/span><a class='sd-link-color'><\/a><\/div><\/div><\/div>\n\n\n<div class=\"entry-content wp-block-post-content is-layout-flow wp-block-post-content-is-layout-flow\">\n<p class=\"wp-block-paragraph\">Als Quereinsteigerin im sozialen Bereich und stetig Lernende hat Jana Schlegel ihr Business seit 2006 mit Unterst\u00fctzung vom barrierefreien CMS Papoo aufgebaut. Der Wechsel auf WordPress war 2013 die richtige Entscheidung. Zu Hause f\u00fchlt sie sich als zentraler Ansprechpartner, Organisationstalent und Probleml\u00f6ser seit 2006 im Bereich der <a href=\"https:\/\/www.fachkraeftesicherer.de\/effizienter-binden\/fachkraefteservice\/\" target=\"_blank\" rel=\"noreferrer noopener\">Sozial-, Betriebs- und Mitarbeiterberatung<\/a>, denn alles, was die Menschen in Bewegung versetzt, muss durch ihren Kopf hindurch.<\/p>\n<\/div>\n<\/li><li class=\"wp-block-post post-262 wcb_organizer type-wcb_organizer status-publish hentry\">\n<figure style=\"width:128px;height:128px;\" class=\"is-style-rounded wp-block-wordcamp-avatar\"><img decoding=\"async\" src=\"https:\/\/secure.gravatar.com\/avatar\/997b66ea94239cdfd1e52ea731f64efae642b30d089cae7baf2cac24bdf5edf3?s=128&amp;d=mm&amp;r=g\" alt=\"Maik Bernstein\" \/><\/figure>\n\n<h2 style=\"margin-bottom:0;\" class=\"wp-block-post-title\">Maik Bernstein<\/h2>\n\n\n<div class=\"wp-block-group is-layout-flow wp-block-group-is-layout-flow\" style=\"padding-top:var(--wp--preset--spacing--10);padding-bottom:var(--wp--preset--spacing--10)\"><div class=\"wp-block-jetpack-like\"><div class='sharedaddy sd-block sd-like jetpack-likes-widget-wrapper jetpack-likes-widget-unloaded' id='like-post-wrapper-233934335-262-69f2ea9a60e34' data-src='https:\/\/widgets.wp.com\/likes\/index.html?ver=15.7.1#blog_id=233934335&amp;post_id=262&amp;origin=leipzig.wordcamp.org&amp;obj_id=233934335-262-69f2ea9a60e34&amp;block=1' data-name='like-post-frame-233934335-262-69f2ea9a60e34' data-title='Liken oder rebloggen'><div class='likes-widget-placeholder post-likes-widget-placeholder' style='height: 55px;'><span class='loading'>Loading\u2026<\/span><\/div><span class='sd-text-color'><\/span><a class='sd-link-color'><\/a><\/div><\/div><\/div>\n\n\n<div class=\"entry-content wp-block-post-content is-layout-flow wp-block-post-content-is-layout-flow\">\n<p class=\"wp-block-paragraph\">Maik Bernstein bringt wertvolle Erfahrung in der Web-Gestaltung und der Anwendung von WordPress mit sich, was ihn zu einem talentierten Allrounder in diesem Bereich macht. Schon seit seiner Kindheit hat ihn die technische Entwicklung seiner Lebenszeit begeistert, was seine Leidenschaft f\u00fcr diese Branche bis heute aufrechterh\u00e4lt. Mit einer ausgepr\u00e4gten fachlichen Kompetenz und einem tiefen Verst\u00e4ndnis f\u00fcr die neuesten Technologien ist Maik in der Lage, seinem Umfeld und Kunden in jeder Hinsicht eine professionelle und effektive Unterst\u00fctzung zu bieten. Dabei bewahrt er stets einen k\u00fchlen Kopf, auch wenn es darum geht, <a href=\"https:\/\/www.deinwp.de\/\" target=\"_blank\" rel=\"noreferrer noopener\">digitale Br\u00e4nde<\/a> zu l\u00f6schen.<\/p>\n<\/div>\n<\/li><li class=\"wp-block-post post-264 wcb_organizer type-wcb_organizer status-publish hentry\">\n<figure style=\"width:128px;height:128px;\" class=\"is-style-rounded wp-block-wordcamp-avatar\"><img decoding=\"async\" src=\"https:\/\/secure.gravatar.com\/avatar\/012a619388f2285aa50921a24ecee3836a1b26ec336ffe306fd4ad1d784ab8c6?s=128&amp;d=mm&amp;r=g\" alt=\"Ren\u00e9 Schr\u00f6ter\" \/><\/figure>\n\n<h2 style=\"margin-bottom:0;\" class=\"wp-block-post-title\">Ren\u00e9 Schr\u00f6ter<\/h2>\n\n\n<div class=\"wp-block-group is-layout-flow wp-block-group-is-layout-flow\" style=\"padding-top:var(--wp--preset--spacing--10);padding-bottom:var(--wp--preset--spacing--10)\"><div class=\"wp-block-jetpack-like\"><div class='sharedaddy sd-block sd-like jetpack-likes-widget-wrapper jetpack-likes-widget-unloaded' id='like-post-wrapper-233934335-264-69f2ea9a61daa' data-src='https:\/\/widgets.wp.com\/likes\/index.html?ver=15.7.1#blog_id=233934335&amp;post_id=264&amp;origin=leipzig.wordcamp.org&amp;obj_id=233934335-264-69f2ea9a61daa&amp;block=1' data-name='like-post-frame-233934335-264-69f2ea9a61daa' data-title='Liken oder rebloggen'><div class='likes-widget-placeholder post-likes-widget-placeholder' style='height: 55px;'><span class='loading'>Loading\u2026<\/span><\/div><span class='sd-text-color'><\/span><a class='sd-link-color'><\/a><\/div><\/div><\/div>\n\n\n<div class=\"entry-content wp-block-post-content is-layout-flow wp-block-post-content-is-layout-flow\">\n<p class=\"wp-block-paragraph\">Ren\u00e9 Schr\u00f6ter beschreibt sich selbst als <a href=\"https:\/\/www.reneschroeter.de\/\" target=\"_blank\" rel=\"noreferrer noopener\">Online-Enthusiast<\/a> und leidenschaftlichen Web-Fanatiker; spricht nur selten in der dritten Person von sich. Angefangen mit phpKit, wechselte er sp\u00e4ter zu Drupal und arbeitet nun seit \u00fcber einem Jahrzehnt mit WordPress. Mit seiner tiefen Leidenschaft f\u00fcr das Internet besch\u00e4ftigt er sich intensiv mit dem Thema SEO und ist ein erfahrener Berater f\u00fcr seine Kunden in allen Belangen des Online-Marketings. Dank seiner umfangreichen Erfahrung und seinem Fachwissen ist Ren\u00e9 in der Lage, ma\u00dfgeschneiderte L\u00f6sungen f\u00fcr jedes Projekt zu entwickeln und dabei stets die neuesten Technologien und Trends zu ber\u00fccksichtigen.<\/p>\n<\/div>\n<\/li><li class=\"wp-block-post post-263 wcb_organizer type-wcb_organizer status-publish hentry\">\n<figure style=\"width:128px;height:128px;\" class=\"is-style-rounded wp-block-wordcamp-avatar\"><img decoding=\"async\" src=\"https:\/\/secure.gravatar.com\/avatar\/f433977da7fa541a5391a1a6f91f25f51ed433a1ee6f696de59ed58091807713?s=128&amp;d=mm&amp;r=g\" alt=\"Thomas Kujawa\" \/><\/figure>\n\n<h2 style=\"margin-bottom:0;\" class=\"wp-block-post-title\">Thomas Kujawa<\/h2>\n\n\n<div class=\"wp-block-group is-layout-flow wp-block-group-is-layout-flow\" style=\"padding-top:var(--wp--preset--spacing--10);padding-bottom:var(--wp--preset--spacing--10)\"><div class=\"wp-block-jetpack-like\"><div class='sharedaddy sd-block sd-like jetpack-likes-widget-wrapper jetpack-likes-widget-unloaded' id='like-post-wrapper-233934335-263-69f2ea9a62c8c' data-src='https:\/\/widgets.wp.com\/likes\/index.html?ver=15.7.1#blog_id=233934335&amp;post_id=263&amp;origin=leipzig.wordcamp.org&amp;obj_id=233934335-263-69f2ea9a62c8c&amp;block=1' data-name='like-post-frame-233934335-263-69f2ea9a62c8c' data-title='Liken oder rebloggen'><div class='likes-widget-placeholder post-likes-widget-placeholder' style='height: 55px;'><span class='loading'>Loading\u2026<\/span><\/div><span class='sd-text-color'><\/span><a class='sd-link-color'><\/a><\/div><\/div><\/div>\n\n\n<div class=\"entry-content wp-block-post-content is-layout-flow wp-block-post-content-is-layout-flow\">\n<p class=\"wp-block-paragraph\">\u00dcber den manuellen Umzug (auf Datenbankebene) von Papoo ist Thomas Kujawa Ende 2013 in die WordPress-Community gekommen. Gern engagiert er sich dort in der Werkstatt des Meetup Leipzig und lernt gern dazu.<\/p>\n\n\n\n<p class=\"wp-block-paragraph\">Seit 2006 sorgt er als <a href=\"https:\/\/www.fachkraeftesicherer.de\/\" target=\"_blank\" rel=\"noreferrer noopener\">Fachkr\u00e4ftesicherer<\/a> f\u00fcr Betriebe aus dem Mittelstand daf\u00fcr, dass deren Mitarbeitende gern in die Werkhalle oder ins B\u00fcro kommen.<\/p>\n<\/div>\n<\/li><\/ul><\/div>\n","protected":false},"excerpt":{"rendered":"<p>Organizers note: You can enter content for this page in the Organizers menu item in the sidebar.<\/p>\n","protected":false},"author":13587830,"featured_media":0,"parent":0,"menu_order":0,"comment_status":"closed","ping_status":"closed","template":"","meta":{"_crdt_document":"","advanced_seo_description":"","jetpack_seo_html_title":"","jetpack_seo_noindex":false,"jetpack_post_was_ever_published":false,"footnotes":""},"class_list":["post-12","page","type-page","status-publish","hentry"],"jetpack_sharing_enabled":true,"jetpack_likes_enabled":true,"_links":{"self":[{"href":"https:\/\/leipzig.wordcamp.org\/2025\/wp-json\/wp\/v2\/pages\/12","targetHints":{"allow":["GET"]}}],"collection":[{"href":"https:\/\/leipzig.wordcamp.org\/2025\/wp-json\/wp\/v2\/pages"}],"about":[{"href":"https:\/\/leipzig.wordcamp.org\/2025\/wp-json\/wp\/v2\/types\/page"}],"author":[{"embeddable":true,"href":"https:\/\/leipzig.wordcamp.org\/2025\/wp-json\/wp\/v2\/users\/13587830"}],"replies":[{"embeddable":true,"href":"https:\/\/leipzig.wordcamp.org\/2025\/wp-json\/wp\/v2\/comments?post=12"}],"version-history":[{"count":12,"href":"https:\/\/leipzig.wordcamp.org\/2025\/wp-json\/wp\/v2\/pages\/12\/revisions"}],"predecessor-version":[{"id":555,"href":"https:\/\/leipzig.wordcamp.org\/2025\/wp-json\/wp\/v2\/pages\/12\/revisions\/555"}],"wp:attachment":[{"href":"https:\/\/leipzig.wordcamp.org\/2025\/wp-json\/wp\/v2\/media?parent=12"}],"curies":[{"name":"wp","href":"https:\/\/api.w.org\/{rel}","templated":true}]}}