{"id":20,"date":"2023-12-29T10:58:56","date_gmt":"2023-12-29T09:58:56","guid":{"rendered":"https:\/\/leipzig.wordcamp.org\/2024\/code-of-conduct\/"},"modified":"2024-04-21T15:09:01","modified_gmt":"2024-04-21T13:09:01","slug":"code-of-conduct","status":"publish","type":"page","link":"https:\/\/leipzig.wordcamp.org\/2024\/code-of-conduct\/","title":{"rendered":"Code of Conduct WordCamp Leipzig"},"content":{"rendered":"\n<p>Auch wenn das WordCamp Leipzig in deutscher Sprache stattfindet, haben wir im zweiten Teil den <a href=\"https:\/\/leipzig.wordcamp.org\/2024\/code-of-conduct\/#englisch\" data-type=\"page\" data-id=\"21\">Code of Conduct in englischer Sprache<\/a> ver\u00f6ffentlicht.<\/p>\n\n\n\n<h2 class=\"wp-block-heading\">Zielsetzung<\/h2>\n\n\n\n<p>Das WordCamp Leipzig ist der Meinung, dass unsere Gemeinschaft wirklich f\u00fcr jeden offen sein sollte. Daher verpflichten wir uns, eine freundliche, sichere und einladende Umgebung f\u00fcr alle zu schaffen, unabh\u00e4ngig von Geschlecht, sexueller Orientierung, Behinderung, ethnischer Zugeh\u00f6rigkeit, Religion, Alter, Kaste, sozialer Schicht, bevorzugtem Betriebssystem, Programmiersprache oder Texteditor und anderen identifizierenden Merkmalen.<\/p>\n\n\n\n<p>Dieser Verhaltenskodex umrei\u00dft unsere Erwartungen an das Verhalten der Teilnehmenden sowie die Konsequenzen f\u00fcr inakzeptables Verhalten.<\/p>\n\n\n\n<p>Wir laden alle Sponsoren, Freiwillige, Vortragende und Teilnehmende ein, uns zu helfen, eine sichere und positive Konferenzerfahrung f\u00fcr alle zu erm\u00f6glichen.<\/p>\n\n\n\n<h2 class=\"wp-block-heading\">Open-Source-Gesellschaft<\/h2>\n\n\n\n<p>Ein zus\u00e4tzliches Ziel dieses Verhaltenskodexes ist es, die Open-Source-Gemeinschaft zu st\u00e4rken, indem die Teilnehmer dazu ermutigt werden, die Beziehungen zwischen dem, was wir tun, und der Gemeinschaft als Ganzes zu erkennen und zu st\u00e4rken.<\/p>\n\n\n\n<p>Um dieses Ziel zu erreichen, werden die Organisatoren des WordCamp Leipzig w\u00e4hrend der gesamten Veranstaltung Nominierungen f\u00fcr vorbildliche B\u00fcrger entgegennehmen und ausgew\u00e4hlte Teilnehmer nach der Konferenz auf der Website auszeichnen.<\/p>\n\n\n\n<p>Wenn Sie jemanden sehen, der sich besonders daf\u00fcr einsetzt, dass unsere Gemeinschaft einladend und freundlich ist und alle Teilnehmer dazu ermutigt, ihren Beitrag in vollem Umfang zu leisten, m\u00f6chten wir das wissen. Sie k\u00f6nnen jemanden am Anmeldetisch oder <a href=\"https:\/\/leipzig.wordcamp.org\/2024\/kontakt\/\" data-type=\"page\" data-id=\"17\">online<\/a> nominieren.<\/p>\n\n\n\n<h2 class=\"wp-block-heading\">Erwartetes Verhalten<\/h2>\n\n\n\n<ul class=\"wp-block-list\">\n<li>Seien Sie r\u00fccksichtsvoll, respektvoll und kooperativ.<\/li>\n\n\n\n<li>Unterlassen Sie erniedrigendes, diskriminierendes oder bel\u00e4stigendes Verhalten und Reden.<\/li>\n\n\n\n<li>Achten Sie auf Ihre Umgebung und auf Ihre Mitteilnehmenden. Alarmieren Sie die Konferenzorganisatoren, wenn Sie eine gef\u00e4hrliche Situation oder eine Person in Not bemerken.<\/li>\n\n\n\n<li>Beteiligen Sie sich auf authentische und aktive Weise. Damit gestalten Sie das WordCamp Leipzig mit und machen es zu Ihrem eigenen.<\/li>\n<\/ul>\n\n\n\n<h2 class=\"wp-block-heading\">Inakzeptables Verhalten<\/h2>\n\n\n\n<p>Zu den inakzeptablen Verhaltensweisen geh\u00f6ren: Einsch\u00fcchterndes, bel\u00e4stigendes, beleidigendes, diskriminierendes, herabsetzendes oder erniedrigendes Verhalten von Teilnehmenden des WordCamp Leipzig und verwandter Veranstaltungen. Alle Veranstaltungsorte des WordCamp Leipzig k\u00f6nnen auch von der \u00d6ffentlichkeit genutzt werden; bitte verhalten Sie sich respektvoll gegen\u00fcber allen Besuchenden dieser Orte.<\/p>\n\n\n\n<p>Zu den Bel\u00e4stigungen geh\u00f6ren: beleidigende verbale \u00c4u\u00dferungen in Bezug auf Geschlecht, sexuelle Orientierung, Rasse, Religion, Behinderung; unangemessene Verwendung von Nacktheit und\/oder sexuellen Bildern in \u00f6ffentlichen R\u00e4umen (einschlie\u00dflich Pr\u00e4sentationsfolien); vors\u00e4tzliche Einsch\u00fcchterung, Verfolgung oder Nachstellung; bel\u00e4stigendes Fotografieren oder Aufnehmen; anhaltende St\u00f6rung von Vortr\u00e4gen oder anderen Veranstaltungen; unangemessener K\u00f6rperkontakt und unerw\u00fcnschte sexuelle Aufmerksamkeit.<\/p>\n\n\n\n<h3 class=\"wp-block-heading\">Konsequenzen bei inakzeptablem Verhalten<\/h3>\n\n\n\n<p>Inakzeptables Verhalten wird nicht toleriert, weder von anderen Teilnehmenden, Organisatoren, Mitarbeitenden des Veranstaltungsorts, Sponsoren noch anderen Besuchern des WordCamp Leipzig.<\/p>\n\n\n\n<p>Von jedem, der aufgefordert wird, inakzeptables Verhalten einzustellen, wird erwartet, dass er dem sofort nachkommt.<\/p>\n\n\n\n<p>Wenn ein Teilnehmer ein inakzeptables Verhalten an den Tag legt, k\u00f6nnen die Konferenzorganisatoren alle Ma\u00dfnahmen ergreifen, die sie f\u00fcr angemessen halten, bis hin zum Ausschluss von der Konferenz ohne Warnung oder Erstattung.<\/p>\n\n\n\n<h3 class=\"wp-block-heading\">Was ist zu tun, wenn Sie Zeuge oder Opfer von inakzeptablem Verhalten werden?<\/h3>\n\n\n\n<p>Wenn Sie von inakzeptablem Verhalten betroffen sind, bemerken, dass jemand anderes von inakzeptablem Verhalten betroffen ist oder andere Bedenken haben, benachrichtigen Sie bitte so schnell wie m\u00f6glich einen Konferenzorganisator.<\/p>\n\n\n\n<p>Das WordCamp Leipzig-Team wird den Teilnehmern dabei helfen, den Sicherheitsdienst des Veranstaltungsortes oder die \u00f6rtlichen Strafverfolgungsbeh\u00f6rden zu kontaktieren, Begleitpersonen bereitzustellen oder auf andere Weise denjenigen zu helfen, die sich w\u00e4hrend der Konferenz inakzeptabel verhalten, damit sie sich sicher f\u00fchlen. Die Freiwilligen werden spezielle Namensschilder tragen. Jeder Freiwillige kann Sie mit einem Organisator der Konferenz in Verbindung bringen. Sie k\u00f6nnen sich auch an den speziellen Anmeldetisch in der Lobby wenden und nach den Organisatoren fragen.<\/p>\n\n\n\n<h2 class=\"wp-block-heading\">Geltungsbereich<\/h2>\n\n\n\n<p>Wir erwarten von allen Konferenzteilnehmern (Sponsoren, Freiwilligen, Vortragenden, Teilnehmern und anderen G\u00e4sten), dass sie sich an allen Konferenzorten und bei konferenzbezogenen gesellschaftlichen Veranstaltungen an diesen Verhaltenskodex halten.<\/p>\n\n\n\n<h3 class=\"wp-block-heading\">Ansprechpartner und Verantwortliche<\/h3>\n\n\n\n<p>Bitte wende Dich an eine Person des <a href=\"https:\/\/leipzig.wordcamp.org\/2024\/organisatoren\/\" data-type=\"page\" data-id=\"12\">Organisationsteams<\/a>.<\/p>\n\n\n\n<h2 class=\"wp-block-heading\">Lizenz und Namensnennung<\/h2>\n\n\n\n<p>Dieser Verhaltenskodex ist ein direkter Ableger der gro\u00dfartigen Arbeit von Open Source Bridge (Letzte Aktualisierung: 16. M\u00e4rz 2023), jedoch mit unseren Veranstaltungsinformationen ersetzt. Das Original wurde auf http:\/\/opensourcebridge.org\/about\/code-of-conduct\/ (<a rel=\"noreferrer noopener\" href=\"https:\/\/web.archive.org\/web\/20191024152904\/opensourcebridge.org\/about\/code-of-conduct\/\" target=\"_blank\">Archiv<\/a>) ver\u00f6ffentlicht und unter einer <a rel=\"noreferrer noopener\" href=\"http:\/\/creativecommons.org\/licenses\/by-sa\/3.0\/\" target=\"_blank\">Creative Commons Attribution-ShareAlike-Lizenz<\/a> freigegeben.<\/p>\n\n\n\n<hr class=\"wp-block-separator has-alpha-channel-opacity is-style-wide\" style=\"margin-top:80px;margin-bottom:5px\" \/>\n\n\n\n<hr class=\"wp-block-separator has-alpha-channel-opacity is-style-wide\" style=\"margin-top:0px;margin-bottom:80px\" \/>\n\n\n\n<p>english Version<\/p>\n\n\n\n<h2 class=\"wp-block-heading\" id=\"englisch\">WordCamp Leipzig Code of Conduct<\/h2>\n\n\n\n<h3 class=\"wp-block-heading\">1. Purpose<\/h3>\n\n\n\n<p><strong>WordCamp Leipzig<\/strong> believes our community should be truly open for everyone. As such, we are committed to providing a friendly, safe and welcoming environment for all, regardless of gender, sexual orientation, disability, ethnicity, religion, age, caste, social class, preferred operating system, programming language, or text editor, among other identifying characteristics.<\/p>\n\n\n\n<p>This code of conduct outlines our expectations for participant behavior as well as the consequences for unacceptable behavior.<\/p>\n\n\n\n<p>We invite all sponsors, volunteers, speakers, attendees, and other participants to help us realize a safe and positive conference experience for everyone.<\/p>\n\n\n\n<h3 class=\"wp-block-heading\">2.&nbsp;Open Source&nbsp;Citizenship<\/h3>\n\n\n\n<p>A supplemental goal of this code of conduct is to increase open source citizenship by encouraging participants to recognize and strengthen the relationships between what we do and the community at large.<\/p>\n\n\n\n<p>In service of this goal, <strong>WordCamp&nbsp;Leipzig<\/strong> organizers will be taking nominations for exemplary citizens throughout the event and will recognize select participants after the conference on the website.<\/p>\n\n\n\n<p>If you see someone who is making an extra effort to ensure our community is welcoming, friendly, and encourages all participants to contribute to the fullest extent, we want to know. You can nominate someone at the Registration table or online at&nbsp;URL&nbsp;HERE.<\/p>\n\n\n\n<h3 class=\"wp-block-heading\">3. Expected Behavior<\/h3>\n\n\n\n<ul class=\"wp-block-list\">\n<li>Be considerate, respectful, and collaborative.<\/li>\n\n\n\n<li>Refrain from demeaning, discriminatory or harassing behavior and speech.<\/li>\n\n\n\n<li>Be mindful of your surroundings and of your fellow participants. Alert conference organizers if you notice a dangerous situation or someone in distress.<\/li>\n\n\n\n<li>Participate in an authentic and active way. In doing so, you help to create <strong>WordCamp&nbsp;Leipzig<\/strong> and make it your own.<\/li>\n<\/ul>\n\n\n\n<h3 class=\"wp-block-heading\">4. Unacceptable Behavior<\/h3>\n\n\n\n<p>Unacceptable behaviors include: intimidating, harassing, abusive, discriminatory, derogatory or demeaning conduct by any attendees of <strong>WordCamp&nbsp;Leipzig<\/strong> and related events. All <strong>WordCamp&nbsp;Leipzig<\/strong> venues may be shared with members of the public; please be respectful to all patrons of these locations.<\/p>\n\n\n\n<p>Harassment includes: offensive verbal comments related to gender, sexual orientation, race, religion, disability; inappropriate use of nudity and\/or sexual images in public spaces (including presentation slides); deliberate intimidation, stalking or following; harassing photography or recording; sustained disruption of talks or other events; inappropriate physical contact, and unwelcome sexual attention.<\/p>\n\n\n\n<h3 class=\"wp-block-heading\">5. Consequences Of Unacceptable Behavior<\/h3>\n\n\n\n<p>Unacceptable behavior will not be tolerated whether by other attendees, organizers, venue staff, sponsors, or other patrons of <strong>WordCamp&nbsp;Leipzig<\/strong> venues.<\/p>\n\n\n\n<p>Anyone asked to stop unacceptable behavior is expected to comply immediately.<\/p>\n\n\n\n<p>If a participant engages in unacceptable behavior, the conference organizers may take any action they deem appropriate, up to and including expulsion from the conference without warning or refund.<\/p>\n\n\n\n<h3 class=\"wp-block-heading\">6. What To Do If You Witness Or Are Subject To Unacceptable Behavior<\/h3>\n\n\n\n<p>If you are subject to unacceptable behavior, notice that someone else is being subject to unacceptable behavior, or have any other concerns, please notify a conference organizer as soon as possible.<\/p>\n\n\n\n<p>The <strong>WordCamp&nbsp;Leipzig<\/strong> team will be available to help participants contact venue security or local law enforcement, to provide escorts, or to otherwise assist those experiencing unacceptable behavior to feel safe for the duration of the conference. Volunteers will be wearing special name badges. Any volunteer can connect you with a conference organizer. You can also come to the special registration desk in the lobby and ask for the organizers.<\/p>\n\n\n\n<h3 class=\"wp-block-heading\">7. Scope<\/h3>\n\n\n\n<p>We expect all conference participants (sponsors, volunteers, speakers, attendees, and other guests) to abide by this code of conduct at all conference venues and conference-related social events.<\/p>\n\n\n\n<h3 class=\"wp-block-heading\">8. Contact Information<\/h3>\n\n\n\n<p>Please contact a person of <a href=\"https:\/\/leipzig.wordcamp.org\/2024\/organisatoren\/\" data-type=\"page\" data-id=\"12\">the organizing team<\/a>.<\/p>\n\n\n\n<h3 class=\"wp-block-heading\">9. License And Attribution<\/h3>\n\n\n\n<p>This Code of Conduct is a direct swipe from the awesome work of Open Source Bridge (Last updated:&nbsp;March 16, 2023), but with our event information substituted. The original was published at&nbsp;<code>http:\/\/opensourcebridge.org\/about\/code-of-conduct\/<\/code>&nbsp;(<a href=\"https:\/\/web.archive.org\/web\/20191024152904\/opensourcebridge.org\/about\/code-of-conduct\/\" target=\"_blank\" rel=\"noreferrer noopener\">archive<\/a>) and was released under a&nbsp;<a href=\"http:\/\/creativecommons.org\/licenses\/by-sa\/3.0\/\" target=\"_blank\" rel=\"noreferrer noopener\">Creative Commons Attribution-ShareAlike<\/a>&nbsp;license.<\/p>\n","protected":false},"excerpt":{"rendered":"<p>Auch wenn das WordCamp Leipzig in deutscher Sprache stattfindet, haben wir im zweiten Teil den Code of Conduct in englischer Sprache ver\u00f6ffentlicht. Zielsetzung Das WordCamp Leipzig ist der Meinung, dass unsere Gemeinschaft wirklich f\u00fcr jeden offen sein sollte. Daher verpflichten wir uns, eine freundliche, sichere und einladende Umgebung f\u00fcr alle zu schaffen, unabh\u00e4ngig von Geschlecht, [&hellip;]<\/p>\n","protected":false},"author":20917600,"featured_media":0,"parent":0,"menu_order":0,"comment_status":"closed","ping_status":"closed","template":"","meta":{"advanced_seo_description":"","jetpack_seo_html_title":"","jetpack_seo_noindex":false,"jetpack_post_was_ever_published":false,"footnotes":""},"class_list":["post-20","page","type-page","status-publish","hentry"],"jetpack_sharing_enabled":true,"jetpack_likes_enabled":true,"jetpack-related-posts":[],"_links":{"self":[{"href":"https:\/\/leipzig.wordcamp.org\/2024\/wp-json\/wp\/v2\/pages\/20","targetHints":{"allow":["GET"]}}],"collection":[{"href":"https:\/\/leipzig.wordcamp.org\/2024\/wp-json\/wp\/v2\/pages"}],"about":[{"href":"https:\/\/leipzig.wordcamp.org\/2024\/wp-json\/wp\/v2\/types\/page"}],"author":[{"embeddable":true,"href":"https:\/\/leipzig.wordcamp.org\/2024\/wp-json\/wp\/v2\/users\/20917600"}],"replies":[{"embeddable":true,"href":"https:\/\/leipzig.wordcamp.org\/2024\/wp-json\/wp\/v2\/comments?post=20"}],"version-history":[{"count":3,"href":"https:\/\/leipzig.wordcamp.org\/2024\/wp-json\/wp\/v2\/pages\/20\/revisions"}],"predecessor-version":[{"id":731,"href":"https:\/\/leipzig.wordcamp.org\/2024\/wp-json\/wp\/v2\/pages\/20\/revisions\/731"}],"wp:attachment":[{"href":"https:\/\/leipzig.wordcamp.org\/2024\/wp-json\/wp\/v2\/media?parent=20"}],"curies":[{"name":"wp","href":"https:\/\/api.w.org\/{rel}","templated":true}]}}