{"id":180,"date":"2024-02-09T11:21:27","date_gmt":"2024-02-09T10:21:27","guid":{"rendered":"https:\/\/leipzig.wordcamp.org\/2024\/?page_id=180"},"modified":"2024-02-09T11:21:27","modified_gmt":"2024-02-09T10:21:27","slug":"meetup-leipzig","status":"publish","type":"page","link":"https:\/\/leipzig.wordcamp.org\/2024\/meetup-leipzig\/","title":{"rendered":"Meetup Leipzig"},"content":{"rendered":"\n<p>Du hast Herausforderungen, die du nicht l\u00f6sen kannst? Du hast Fragen zum weiteren Verfahren oder versuchst eine bestimmte Aufgabe zu l\u00f6sen? Kein Problem, wir stehen dir mit Rat und Tat zur Seite.<\/p>\n\n\n\n<p>Dabei soll es egal sein, ob es sich um kleine Probleme oder anspruchsvollere Herausforderungen handelt. Wir versuchen euch mit unserem Fachwissen zu unterst\u00fctzen. Im gemeinsamen Gespr\u00e4ch l\u00f6st sich der Knoten manchmal direkt und einfach. Komm vorbei und \u201ebring your problem\u201d.<\/p>\n\n\n\n<div class=\"wp-block-buttons is-content-justification-center is-layout-flex wp-container-core-buttons-is-layout-a89b3969 wp-block-buttons-is-layout-flex\">\n<div class=\"wp-block-button is-style-outline is-style-outline--1\"><a class=\"wp-block-button__link has-text-align-center wp-element-button\" href=\"https:\/\/www.meetup.com\/de-DE\/leipzig-wordpress-meetup\/\">externe Webseite Meetup Leipzig<\/a><\/div>\n<\/div>\n","protected":false},"excerpt":{"rendered":"<p>Du hast Herausforderungen, die du nicht l\u00f6sen kannst? Du hast Fragen zum weiteren Verfahren oder versuchst eine bestimmte Aufgabe zu l\u00f6sen? Kein Problem, wir stehen dir mit Rat und Tat zur Seite. Dabei soll es egal sein, ob es sich um kleine Probleme oder anspruchsvollere Herausforderungen handelt. Wir versuchen euch mit unserem Fachwissen zu unterst\u00fctzen. [&hellip;]<\/p>\n","protected":false},"author":16252642,"featured_media":0,"parent":0,"menu_order":0,"comment_status":"closed","ping_status":"closed","template":"","meta":{"advanced_seo_description":"","jetpack_seo_html_title":"","jetpack_seo_noindex":false,"jetpack_post_was_ever_published":false,"footnotes":""},"class_list":["post-180","page","type-page","status-publish","hentry"],"jetpack_sharing_enabled":true,"jetpack_likes_enabled":true,"jetpack-related-posts":[],"_links":{"self":[{"href":"https:\/\/leipzig.wordcamp.org\/2024\/wp-json\/wp\/v2\/pages\/180","targetHints":{"allow":["GET"]}}],"collection":[{"href":"https:\/\/leipzig.wordcamp.org\/2024\/wp-json\/wp\/v2\/pages"}],"about":[{"href":"https:\/\/leipzig.wordcamp.org\/2024\/wp-json\/wp\/v2\/types\/page"}],"author":[{"embeddable":true,"href":"https:\/\/leipzig.wordcamp.org\/2024\/wp-json\/wp\/v2\/users\/16252642"}],"replies":[{"embeddable":true,"href":"https:\/\/leipzig.wordcamp.org\/2024\/wp-json\/wp\/v2\/comments?post=180"}],"version-history":[{"count":1,"href":"https:\/\/leipzig.wordcamp.org\/2024\/wp-json\/wp\/v2\/pages\/180\/revisions"}],"predecessor-version":[{"id":181,"href":"https:\/\/leipzig.wordcamp.org\/2024\/wp-json\/wp\/v2\/pages\/180\/revisions\/181"}],"wp:attachment":[{"href":"https:\/\/leipzig.wordcamp.org\/2024\/wp-json\/wp\/v2\/media?parent=180"}],"curies":[{"name":"wp","href":"https:\/\/api.w.org\/{rel}","templated":true}]}}