{"id":174,"date":"2024-02-09T11:15:26","date_gmt":"2024-02-09T10:15:26","guid":{"rendered":"https:\/\/leipzig.wordcamp.org\/2024\/?page_id=174"},"modified":"2024-02-09T11:15:26","modified_gmt":"2024-02-09T10:15:26","slug":"impressum","status":"publish","type":"page","link":"https:\/\/leipzig.wordcamp.org\/2024\/impressum\/","title":{"rendered":"Impressum \/ Datenschutz"},"content":{"rendered":"\n<p>WordPress Community Support, PBC<br \/>660 4th Street<br \/>Suite #119<br \/>San Francisco<br \/>CA 94107<\/p>\n\n\n\n<p>Federal Tax ID: 81-0896291<\/p>\n\n\n\n<p><a href=\"mailto:info@wordcamp-leipzig.de\">info@wordcamp-leipzig.de<\/a><\/p>\n\n\n\n<h2 class=\"wp-block-heading\">Hinweise zum Datenschutz<\/h2>\n\n\n\n<p>Wir nehmen den Schutz Ihrer Daten Ernst und bem\u00fchen uns grunds\u00e4tzlich, so wenige Daten wie m\u00f6glich zu erheben und zu speichern.<\/p>\n\n\n\n<p>Gleichwohl ist ein gewisses Ma\u00df der Speicherung und Auswertung von Benutzerdaten erforderlich, um den Betrieb dieser Website zu gew\u00e4hrleisten und zu verbessern. Eine Zuordnung von Daten zu einer bestimmten Person erfolgt dabei nicht \u2013 es sei denn, Sie sagen uns Ihren Namen, etwa in einer E-Mail oder \u00fcber eines unserer Kontaktformulare.<\/p>\n\n\n\n<p>\u00dcber die bei einem Aufruf unserer Seiten erhobenen Daten wollen wir Sie hier informieren:<\/p>\n\n\n\n<h3 class=\"wp-block-heading\">Logfiles<\/h3>\n\n\n\n<p>Auf unserem Internet-Server wird, wie auf anderen Webserver auch, eine Protokolldatei gef\u00fchrt. In dieser Protokolldatei werden Datens\u00e4tze gespeichert, in denen die IP-Adresse, mit der Sie im Internet unterwegs sind, der Uhrzeit, die Daten, die Sie vom Server angefordert haben, allgemeine Angaben zu dem von Ihnen genutzten Webbrowser sowie teilweise die Website, von der aus Sie auf unser Internet-Angebot gekommen sind, verzeichnet werden. Diese Angaben werden von uns ausschlie\u00dflich zu statistischen Zwecken verwendet sowie zur weiteren Verbesserung unseres Internet-Angebots.<\/p>\n\n\n\n<h3 class=\"wp-block-heading\">Cookies und Nutzungsprofile<\/h3>\n\n\n\n<p>Im Rahmen der gesetzlichen Bestimmungen k\u00f6nnen wir insbesondere zur Verbesserung unserer Dienste Nutzungsprofile unter einem Pseudonym auswerten, jedoch nur soweit Sie nicht von Ihrem gesetzlichen Recht Gebrauch gemacht haben, dieser Nutzung Ihrer Daten zu widersprechen. Ein Teil unserer Dienste erfordert es, dass wir sog. Cookies einsetzen. Cookies sind kleine Datenmengen, die Ihr Internetbrowser auf Ihrem Rechner speichert. In Cookies k\u00f6nnen Informationen \u00fcber Ihren Besuch auf unserer Website gespeichert werden.<\/p>\n\n\n\n<p>Die meisten Browser sind standardm\u00e4\u00dfig so eingestellt, dass sie Cookies akzeptieren. Sie k\u00f6nnen jedoch Ihren Browser so umkonfigurieren, dass er Cookies ablehnt oder vorher eine Best\u00e4tigung von Ihnen erfragt. Wenn Sie Cookies ablehnen, kann dies allerdings zur Folge haben, dass nicht alle unsere Angebote f\u00fcr Sie st\u00f6rungsfrei funktionieren.<\/p>\n\n\n\n<h3 class=\"wp-block-heading\">E-Mail und Kontaktformular<\/h3>\n\n\n\n<p>Soweit Sie uns eine E-Mail senden oder \u00fcber ein Kontaktformular mit uns in Verbindung treten, werden diese Daten ebenfalls zum Zwecke der Bearbeitung gespeichert. Diese Daten unterliegen in jedem Fall dem Datenschutz. Grunds\u00e4tzlich nutzen wir die hierbei anfallenden Daten nur in dem hierzu erforderlichen Umfang zur Bearbeitung Ihrer Anfragen und Auftr\u00e4ge.<\/p>\n\n\n\n<h3 class=\"wp-block-heading\">Nutzung des Jetpack-Plugins der Fa. Auttomatic Inc.<\/h3>\n\n\n\n<p>Dieses Angebot nutzt\u00a0<a href=\"http:\/\/wordpress.org\/extend\/plugins\/jetpack\/\">Jetpack<\/a>\u00a0(ehemals\u00a0<a href=\"http:\/\/wordpress.org\/extend\/plugins\/stats\/\">WordPress.com-Stats<\/a>), ein Tool zur statistischen Auswertung der Besucherzugriffe, betrieben von\u00a0<a href=\"http:\/\/automattic.com\/\" rel=\"nofollow\">Automattic<\/a>\u00a0Inc., 60 29th Street #343, San Francisco, CA 94110-4929, USA, unter Einsatz der Trackingtechnologie von\u00a0<a href=\"http:\/\/www.quantcast.com\/\">Quantcast<\/a>\u00a0Inc., 201 3rd St, Floor 2, San Francisco, CA 94103-3153, USA. Hierzu werden sogenannte \u201eCookies\u201c verwendet. Bei diesen \u201eCookies\u201c handelt es sich um kleine Textdateien, die auf Ihrem Computer gespeichert werden und die eine Analyse der Benutzung der Website durch den jeweiligen Besucher erm\u00f6glichen. Im Rahmen der Webanalyse wird f\u00fcr Zwecke einer geographischen Benutzerstatistik auch die von den Besuchern unserer Website benutzte IP-Adresse verwendet. Allerdings wird die IP-Adresse unmittelbar nach der Verarbeitung und noch vor der Speicherung anonymisiert, so dass zwar noch eine regionale Zuordnung, aber kein R\u00fcckschluss auf den tats\u00e4chlichen Nutzer mehr m\u00f6glich ist.<\/p>\n\n\n\n<p>Gravatar (Globally Recognized Avatar) ist ein Bildvisualisierungsdienst von Automattic Inc., der es Webseiten erm\u00f6glicht, solche Inhalte einzubinden. Wir nutzen Gravatar um die Fotos der Beteiligten anzuzeigen.<\/p>\n\n\n\n<p>Wichtig f\u00fcr Sie: Das Speichern der Cookies kann von Ihnen generell durch eine entsprechende Einstellung Ihrer Browser-Software verhindern werden. Alternativ k\u00f6nnen Sie der Erhebung und Nutzung der Daten durch Quantcast mit Wirkung f\u00fcr die Zukunft widersprechen, indem Sie an dieser Stelle durch einen Klick \u00fcber diesen Link ein Opt-Out-Cookie in Ihrem Browser setzen:\u00a0<a href=\"http:\/\/www.quantcast.com\/opt-out\">http:\/\/www.quantcast.com\/opt-out<\/a>.\u00a0Sollten Sie alle Cookies auf Ihrem Rechner l\u00f6schen, m\u00fcssen Sie das Opt-Out-Cookie erneut setzen.<\/p>\n\n\n\n<h3 class=\"wp-block-heading\">Auskunft, Sperrung, L\u00f6schung<\/h3>\n\n\n\n<p>Sie k\u00f6nnen auf Wunsch selbstverst\u00e4ndlich jederzeit erfahren, welche Daten \u00fcber Sie bei uns gespeichert sind. Au\u00dferdem haben Sie ein Recht auf Berichtigung unrichtiger Daten sowie unter bestimmten Voraussetzungen ein Recht auf Sperrung oder L\u00f6schung von \u00fcber Sie gespeicherten Daten. Wenn Sie eines dieser\u00a0Rechte wahrnehmen m\u00f6chten, teilen Sie uns dies bitte schriftlich unter der im Impressum angegebenen Anschrift mit.<\/p>\n","protected":false},"excerpt":{"rendered":"<p>WordPress Community Support, PBC660 4th StreetSuite #119San FranciscoCA 94107 Federal Tax ID: 81-0896291 info@wordcamp-leipzig.de Hinweise zum Datenschutz Wir nehmen den Schutz Ihrer Daten Ernst und bem\u00fchen uns grunds\u00e4tzlich, so wenige Daten wie m\u00f6glich zu erheben und zu speichern. Gleichwohl ist ein gewisses Ma\u00df der Speicherung und Auswertung von Benutzerdaten erforderlich, um den Betrieb dieser Website [&hellip;]<\/p>\n","protected":false},"author":16252642,"featured_media":0,"parent":0,"menu_order":0,"comment_status":"closed","ping_status":"closed","template":"","meta":{"advanced_seo_description":"","jetpack_seo_html_title":"","jetpack_seo_noindex":false,"jetpack_post_was_ever_published":false,"footnotes":""},"class_list":["post-174","page","type-page","status-publish","hentry"],"jetpack_sharing_enabled":true,"jetpack_likes_enabled":true,"jetpack-related-posts":[],"_links":{"self":[{"href":"https:\/\/leipzig.wordcamp.org\/2024\/wp-json\/wp\/v2\/pages\/174","targetHints":{"allow":["GET"]}}],"collection":[{"href":"https:\/\/leipzig.wordcamp.org\/2024\/wp-json\/wp\/v2\/pages"}],"about":[{"href":"https:\/\/leipzig.wordcamp.org\/2024\/wp-json\/wp\/v2\/types\/page"}],"author":[{"embeddable":true,"href":"https:\/\/leipzig.wordcamp.org\/2024\/wp-json\/wp\/v2\/users\/16252642"}],"replies":[{"embeddable":true,"href":"https:\/\/leipzig.wordcamp.org\/2024\/wp-json\/wp\/v2\/comments?post=174"}],"version-history":[{"count":1,"href":"https:\/\/leipzig.wordcamp.org\/2024\/wp-json\/wp\/v2\/pages\/174\/revisions"}],"predecessor-version":[{"id":175,"href":"https:\/\/leipzig.wordcamp.org\/2024\/wp-json\/wp\/v2\/pages\/174\/revisions\/175"}],"wp:attachment":[{"href":"https:\/\/leipzig.wordcamp.org\/2024\/wp-json\/wp\/v2\/media?parent=174"}],"curies":[{"name":"wp","href":"https:\/\/api.w.org\/{rel}","templated":true}]}}