{"id":126,"date":"2024-01-31T10:19:28","date_gmt":"2024-01-31T09:19:28","guid":{"rendered":"https:\/\/leipzig.wordcamp.org\/2024\/?page_id=126"},"modified":"2024-09-26T16:36:11","modified_gmt":"2024-09-26T14:36:11","slug":"wordcamp-leipzig-2024","status":"publish","type":"page","link":"https:\/\/leipzig.wordcamp.org\/2024\/","title":{"rendered":"WordCamp Leipzig 2024"},"content":{"rendered":"\n<div class=\"wp-block-group hero-home is-nowrap is-layout-flex wp-container-core-group-is-layout-d7104b08 wp-block-group-is-layout-flex\">\n<div class=\"wp-block-group is-vertical is-layout-flex wp-container-core-group-is-layout-fe9cc265 wp-block-group-is-layout-flex\">\n<h1 class=\"wp-block-heading\" style=\"font-size:2.5rem;font-style:normal;font-weight:700\">WordCamp  Leipzig 2024<\/h1>\n\n\n\n<p>Eine minimalistische Version #2 des allseits beliebten und weltweit bekannten WordCamps der WordPress-Foundation.<\/p>\n\n\n\n<p><strong>Wann?<\/strong><br>20.04.2024, 09:00 \u2013 18:00 Uhr<\/p>\n\n\n\n<p><strong>Wo?<\/strong><br>Ost-Passage Theater in Leipzig<br><sub><a href=\"https:\/\/maps.app.goo.gl\/L5YA8HHiVfTq6JFY8\">(Konradstra\u00dfe 27, 04315 Leipzig)<\/a><\/sub><\/p>\n\n\n\n<p><strong>Wer und was?<\/strong><br>Zusammen wollen wir sprechen und <a href=\"https:\/\/leipzig.wordcamp.org\/2024\/vortragende\/\" data-type=\"page\" data-id=\"8\">die Vortragenden<\/a> werden uns inspirieren!<\/p>\n\n\n\n<div class=\"wp-block-buttons is-layout-flex wp-block-buttons-is-layout-flex\" style=\"margin-top:var(--wp--preset--spacing--50);margin-bottom:var(--wp--preset--spacing--50)\">\n<div class=\"wp-block-button\"><a class=\"wp-block-button__link has-luminous-vivid-amber-background-color has-background wp-element-button\" href=\"https:\/\/leipzig.wordcamp.org\/2024\/vortraege\/\" target=\"_blank\" rel=\"noreferrer noopener\"><strong>Vortr<\/strong>\u00e4<strong>ge ansehen<\/strong><\/a><\/div>\n<\/div>\n<\/div>\n\n\n\n<figure class=\"wp-block-image size-large is-style-default\"><img data-recalc-dims=\"1\" height=\"1024\" width=\"1018\" decoding=\"async\" src=\"https:\/\/i0.wp.com\/leipzig.wordcamp.org\/2023\/files\/2023\/05\/Ost-Passage-Theater-Portal-hoch-scaled-e1687282677143-1018x1024.jpg?resize=1018%2C1024&#038;ssl=1\" alt=\"Das Eingangsportal des Ost-Passage Theater\" class=\"wp-image-344\" \/><figcaption class=\"wp-element-caption\">Das Eingangsportal des Ost-Passage-Theaters<\/figcaption><\/figure>\n<\/div>\n\n\n\n<hr class=\"wp-block-separator has-text-color has-custom-leipzig-blau-color has-alpha-channel-opacity has-custom-leipzig-blau-background-color has-background is-style-default\" style=\"margin-top:var(--wp--preset--spacing--80);margin-bottom:var(--wp--preset--spacing--80)\" \/>\n\n\n\n<div class=\"wp-block-group is-nowrap is-layout-flex wp-container-core-group-is-layout-6c531013 wp-block-group-is-layout-flex\">\n<div class=\"wp-block-columns is-layout-flex wp-container-core-columns-is-layout-28f84493 wp-block-columns-is-layout-flex\">\n<div class=\"wp-block-column is-layout-flow wp-block-column-is-layout-flow\">\n<p class=\"has-large-font-size\">Willkommen lieber WordPressler und WordPresslerin,<\/p>\n\n\n\n<p>besucht das zweite WordCamp in Leipzig! Die vergangene Ausgabe startete als Pilotprojektes und entwickelt sich 2024 zur Beta-Phase. <strong>Wir zeigen, dass Nachhaltigkeit innerhalb der WordPress Community keine Floskel darstellt. <\/strong><br>Daher halten wir die Teilnehmerzahl bewusst klein, und erzeugen dir eine intime Atmosph\u00e4re. So kannst du das Organisationsteam und die Vortragenden mit deinen Impulsen kontaktieren und bereicherst das WordCamp aktiv.<\/p>\n<\/div>\n<\/div>\n<\/div>\n\n\n\n<p>Du als Anwender stehst im Fokus! Sollst interaktiv an den Vortr\u00e4gen teilnehmen d\u00fcrfen und eigene Ideen und Fragen mitbringen. Leidenschaftliche WordPress-Enthusiasten begeistern dich f\u00fcr unterschiedliche Themen! <strong>Wir k\u00f6nnen es kaum erwarten, dich in Leipzig willkommen zu hei\u00dfen.<\/strong><\/p>\n\n\n\n<p class=\"has-large-font-size\"><strong>Kosten? <\/strong><\/p>\n\n\n\n<p>Das Ticket kostet schmale 9 Euro, denn die Einstiegsh\u00fcrde soll gering sein<\/p>\n\n\n\n<p>Worauf wartest du noch? <a href=\"https:\/\/leipzig.wordcamp.org\/2024\/tickets\/\" data-type=\"URL\" data-id=\"https:\/\/leipzig.wordcamp.org\/2023\/tickets\/\">Sichere dir jetzt deine Eintrittskarte<\/a> und werde Teil dieser einzigartigen Reise!<\/p>\n\n\n\n<div style=\"height:75px\" aria-hidden=\"true\" class=\"wp-block-spacer\"><\/div>\n\n\n\n<h2 class=\"wp-block-heading has-x-large-font-size\">Einfachheit als Ziel: Hohe Qualit\u00e4t trifft minimalste Kosten<\/h2>\n\n\n\n<p>Die zweite Auflage des Leipziger WordCamps erg\u00e4nzt die Pilotphase um weitere Aspekte. Die Erkenntnisse der letztj\u00e4hrigen Veranstaltung f\u00fcr ein alternatives Konzept wurde durch die WordPress Community verfeinert. Im Ergebnis werden wir einen Leitfaden pr\u00e4sentieren, wie ein minimales WordCamp organisiert werden kann. Diese Blaupause soll weltweit die Runde machen und andere St\u00e4dte ermutigen, die Idee von WordPress hinauszurufen: <strong>ein Treffen von und mit der Community! Mit viel Enthusiasmus und Wissen!<\/strong><\/p>\n\n\n\n<p><\/p>\n\n\n\n<blockquote class=\"wp-block-quote is-layout-flow wp-block-quote-is-layout-flow\">\n<p>Die Mitglieder des WordPress-Core-Teams werden nie aufh\u00f6ren, das Prinzip der Einfachheit zu optimieren.<\/p>\n<cite>WordPress.org Philosophie<\/cite><\/blockquote>\n\n\n\n<p>Dein Event im Jahr 2024 findet erneut im charmanten <a href=\"https:\/\/leipzig.wordcamp.org\/2024\/standort\/\">Ost-Passage Theater<\/a> statt und setzt auf <a href=\"https:\/\/leipzig.wordcamp.org\/2024\/vortragende\/\">handverlesene Referenten<\/a>. Zu Beginn nehmen wir dich auf die Reise von WordPress, werden <strong>Meilensteine der Vergangenheit und Zukunft vorstellen<\/strong>, damit du die M\u00f6glichkeit erh\u00e4ltst, einzusteigen. Auf der Reise besuchen wir <a href=\"https:\/\/leipzig.wordcamp.org\/2024\/vortraege\/\">Themen<\/a>, wie du mit einfachen Mitteln die <strong>CO\u2082-Emissionen deiner Website verringern<\/strong> kannst und warum du davon profitieren wirst. Dir werden <strong>rechtliche und inhaltliche Aspekte<\/strong> begegnen, wie du von <strong>einer barrierefreien Gestaltung<\/strong> profitierst und beispielsweise dein <strong>WordPress statisch laden kannst<\/strong>. Liegen deine <strong>Inhalte<\/strong> in m\u00f6glichst <strong>strukturierter Form<\/strong> vor, k\u00f6nnen Crawler (wie Google diese verwendet) diese Inhalte z\u00fcgig interpretieren. Dadurch werden Ressourcen gespart!<\/p>\n\n\n\n<h2 class=\"wp-block-heading\" id=\"rueckblick\"><em>#WCLE24<\/em>: Eine minimalistische Reise durch die WordPress-Welt mit 8\u00a0\u00d7\u00a030 Minuten Power!<\/h2>\n\n\n\n<p>Am 20. April 2024 kehrte das Leipziger WordCamp als minimalistische Version des beliebten und weltweit bekannten WordCamps der WordPress-Foundation zur\u00fcck und bot den Teilnehmern eine einzigartige Reise durch die Welt des Open Source CMS WordPress. Unter dem Motto \u00bbEinfachheit als Ziel: Hohe Qualit\u00e4t trifft minimale Kosten\u00ab fand die Veranstaltung im charmanten Ost-Passage Theater als MVP-Event statt, was Simon Kraft in seinem Recap charmant als das <a href=\"https:\/\/krautpress.de\/2024\/das-leipziger-modell\/\" target=\"_blank\" rel=\"noreferrer noopener\">#Leipziger Modell<\/a> bezeichnete.<\/p>\n\n\n\n<h3 class=\"wp-block-heading\">Einfachheit als Ziel: Hohe Qualit\u00e4t trifft minimale Kosten<\/h3>\n\n\n\n<p><strong>MVP<\/strong> steht hier f\u00fcr <em>minimum viable Product<\/em> und ein MVP-Event entspricht im Kern den Mindestanforderungen, die die WordPress-Foundation an die Durchf\u00fchrung ihrer allseits beliebten WordCamps stellt. Die vier Organisatoren, angef\u00fchrt von Maik Bernstein, zeigten wieder mal, dass ein solches WordCamp nachhaltig und mit minimalem Aufwand sowie lokalen Partnern durchgef\u00fchrt werden kann. Der Erfolg der letztj\u00e4hrigen Pilotphase inspirierte die Organisatoren, einen Leitfaden f\u00fcr die Organisation minimaler WordCamps zu erstellen, der weltweit zur Nachahmung ermutigen soll.<\/p>\n\n\n\n<h3 class=\"wp-block-heading\">8\u00a0\u00d7\u00a030 Minuten Power mit tollen Referenten und spannenden Vortr\u00e4gen<\/h3>\n\n\n\n<figure class=\"wp-block-image size-large\"><img data-recalc-dims=\"1\" loading=\"lazy\" decoding=\"async\" width=\"1024\" height=\"575\" src=\"https:\/\/i0.wp.com\/leipzig.wordcamp.org\/2024\/files\/2024\/08\/2024-08-06_09-58-57.png?resize=1024%2C575&#038;ssl=1\" alt=\"Kosten f\u00fcr ein WordCamp - Vergleich durch Bernhard Kau\" class=\"wp-image-797\" srcset=\"https:\/\/i0.wp.com\/leipzig.wordcamp.org\/2024\/files\/2024\/08\/2024-08-06_09-58-57.png?resize=1024%2C575&amp;ssl=1 1024w, https:\/\/i0.wp.com\/leipzig.wordcamp.org\/2024\/files\/2024\/08\/2024-08-06_09-58-57.png?resize=300%2C168&amp;ssl=1 300w, https:\/\/i0.wp.com\/leipzig.wordcamp.org\/2024\/files\/2024\/08\/2024-08-06_09-58-57.png?resize=768%2C431&amp;ssl=1 768w, https:\/\/i0.wp.com\/leipzig.wordcamp.org\/2024\/files\/2024\/08\/2024-08-06_09-58-57.png?resize=500%2C281&amp;ssl=1 500w, https:\/\/i0.wp.com\/leipzig.wordcamp.org\/2024\/files\/2024\/08\/2024-08-06_09-58-57.png?w=1434&amp;ssl=1 1434w\" sizes=\"auto, (max-width: 1000px) 100vw, 1000px\" \/><\/figure>\n\n\n\n<p><br>Das WordCamp 2024 bot eine Vielzahl an Vortr\u00e4gen, die die Teilnehmer durch die Vergangenheit und Zukunft von WordPress f\u00fchrten.<\/p>\n\n\n\n<p>Als Auftakt beantwortet Christopher Kurth die wichtigste Frage vieler angehender Blog- und Foto-Publisher, n\u00e4mlich: Eine Webseite mit WordPress in 5 Minuten. Stimmt das? Es folgen die Vortr\u00e4ge von Bernhard Kau, der sich noch einmal intensiv mit den Formaten und Kosten von WordPress-Veranstaltungen weltweit auseinandersetzt und Simon Kraft, der unter dem Titel: Greener, Better, Faster, Stronger vorstellt, wie WordPress-Websites umweltfreundlicher und zuverl\u00e4ssiger werden k\u00f6nnen, indem man beim Betreiben CO\u2082-Emissionen beachtet und reduziert, denn wusstest du, dass eine Website bei 10.000 monatlichen Views unglaubliche 60\u00a0kg CO\u2082 im Jahr produziert?<\/p>\n\n\n\n<p>Nach so viel Input gab es eine Stunde Mittagspause, die mit dem gemeinsamen Gruppenfoto aller Teilnehmenden begann. Danke an unseren Fotografen Karl, der das WP Meetup #Dresden organisiert und als Bildermann unterwegs ist.<\/p>\n\n\n\n<figure class=\"wp-block-image size-large\"><img data-recalc-dims=\"1\" loading=\"lazy\" decoding=\"async\" width=\"1024\" height=\"683\" src=\"https:\/\/i0.wp.com\/leipzig.wordcamp.org\/2024\/files\/2024\/08\/BILDERMANNs-Bilderwand-Praesentationsort-ausgewaehlter-Fotoarbeiten-des-Dresdner-Fotografen-und-bildenden-Kuenstlers-BILDERMANN-BBK.jpg?resize=1024%2C683&#038;ssl=1\" alt=\"BILDERMANNs Bilderwand - Pr\u00e4sentationsort ausgew\u00e4hlter Fotoarbeiten des Dresdner Fotografen und bildenden K\u00fcnstlers BILDERMANN \u00ae (BBK)\" class=\"wp-image-798\" srcset=\"https:\/\/i0.wp.com\/leipzig.wordcamp.org\/2024\/files\/2024\/08\/BILDERMANNs-Bilderwand-Praesentationsort-ausgewaehlter-Fotoarbeiten-des-Dresdner-Fotografen-und-bildenden-Kuenstlers-BILDERMANN-BBK.jpg?resize=1024%2C683&amp;ssl=1 1024w, https:\/\/i0.wp.com\/leipzig.wordcamp.org\/2024\/files\/2024\/08\/BILDERMANNs-Bilderwand-Praesentationsort-ausgewaehlter-Fotoarbeiten-des-Dresdner-Fotografen-und-bildenden-Kuenstlers-BILDERMANN-BBK.jpg?resize=300%2C200&amp;ssl=1 300w, https:\/\/i0.wp.com\/leipzig.wordcamp.org\/2024\/files\/2024\/08\/BILDERMANNs-Bilderwand-Praesentationsort-ausgewaehlter-Fotoarbeiten-des-Dresdner-Fotografen-und-bildenden-Kuenstlers-BILDERMANN-BBK.jpg?resize=768%2C512&amp;ssl=1 768w, https:\/\/i0.wp.com\/leipzig.wordcamp.org\/2024\/files\/2024\/08\/BILDERMANNs-Bilderwand-Praesentationsort-ausgewaehlter-Fotoarbeiten-des-Dresdner-Fotografen-und-bildenden-Kuenstlers-BILDERMANN-BBK.jpg?resize=450%2C300&amp;ssl=1 450w, https:\/\/i0.wp.com\/leipzig.wordcamp.org\/2024\/files\/2024\/08\/BILDERMANNs-Bilderwand-Praesentationsort-ausgewaehlter-Fotoarbeiten-des-Dresdner-Fotografen-und-bildenden-Kuenstlers-BILDERMANN-BBK.jpg?w=1200&amp;ssl=1 1200w\" sizes=\"auto, (max-width: 1000px) 100vw, 1000px\" \/><figcaption class=\"wp-element-caption\">BILDERMANNs Bilderwand &#8211; Pr\u00e4sentationsort ausgew\u00e4hlter Fotoarbeiten des Dresdner Fotografen und bildenden K\u00fcnstlers BILDERMANN \u00ae (BBK)<\/figcaption><\/figure>\n\n\n\n<p>Frisch gest\u00e4rkt, er\u00f6ffnet den fr\u00fchen Nachmittag Hans-Gerd Gerhards mit seinem Vortrag zu Layouts mit dem Block-Editor \/ GenerateBlocks. Live und sehr praktisch wurde anhand verschiedener fertiger Layouts pr\u00e4sentiert, wie man die Bl\u00f6cke verwenden kann, um moderne Layouts ohne viel CSS zu erstellen.<\/p>\n\n\n\n<p>Im Anschluss sprach Johannes Mairhofer \u00fcber das vielleicht wichtigste Thema f\u00fcr alle Websites, n\u00e4mlich \u201eWie erreicht deine Website die digitale Barrierefreiheit?\u201c. Ziel ist es, Einschr\u00e4nkungen f\u00fcr alle aufzuheben, um die selbstbestimmte Nutzung von Websites, Dienstleistungen und Produkten zu verbessern und zu erm\u00f6glichen. Sp\u00e4testens mit dem Barrierefreiheitsst\u00e4rkungsgesetz (<a href=\"https:\/\/www.bmas.de\/DE\/Service\/Gesetze-und-Gesetzesvorhaben\/barrierefreiheitsstaerkungsgesetz.html\" target=\"_blank\" rel=\"noreferrer noopener\">BFSG<\/a>) 2025 wird es f\u00fcr viele Produkte und Dienstleistungen Pflicht in Deutschland.<\/p>\n\n\n\n<h3 class=\"wp-block-heading\">Mehr als nur Frauenquote \u2013 Diversit\u00e4t und Balance auf WordPress-Veranstaltungen<\/h3>\n\n\n\n<p>Nach einer knackigen Kuchenpause geht es mit neuer Energie direkt weiter mit dem Vortrag von Birgit Pauli Hack mit dem Titel \u201eNutze das Create Block Theme Plugin, um Themes zusammenzustellen\u201c. Birgit ist eine der wenigen vortragenden Frauen der Community, die immer wieder gern angefragt werden, was unweigerlich die, diesj\u00e4hrig berechtigterweise kritisierte, fehlende Balance zwischen vortragenden Frauen und M\u00e4nnern auf den Tisch bringt.<\/p>\n\n\n\n<p>Die F\u00f6rderung von Vielfalt ist ein zentrales Thema bei WordPress-Veranstaltungen. Seit 2006 sind WordCamps als informelle Veranstaltungen etabliert, die von Freiwilligen organisiert werden und das Ziel haben, WordPress-Interessierte zu vernetzen. Das Konzept, entwickelt von WordPress-Erfinder Matt Mullenweg, ist stark reglementiert und bietet eine Plattform f\u00fcr den Austausch rund um WordPress. Ideal sind Veranstaltungen, bei denen mindestens die H\u00e4lfte der Vortr\u00e4ge von Frauen gehalten wird, und auch im Organisationsteam wird weibliche Beteiligung gesch\u00e4tzt.<\/p>\n\n\n\n<p>Vielfalt bedeutet jedoch mehr als nur Geschlechterparit\u00e4t: WordPress-Events sollen die gesamte Gesellschaft widerspiegeln. Die geforderte Balance zwischen verschiedenen Aspekten wie Sprecherherkunft, Inhalten, Kosten und Teilnehmererfahrungen ist herausfordernd.<\/p>\n\n\n\n<p>Als Orga-Team muss man oft damit leben, dass sich z.\u00a0B. mehr nationale und internationale Speaker:Innen bewerben als regionale oder lokale. Das macht es schwierig, das im Handbuch geforderte Verh\u00e4ltnis von 20:80 zu erf\u00fcllen. Deswegen sollten Frauen nicht gezwungen werden, Vortr\u00e4ge zu halten, und spannende Beitr\u00e4ge sollten unabh\u00e4ngig vom Geschlecht der Sprecher akzeptiert werden. Man nimmt sich als Orga-Team immer vor, die bestm\u00f6gliche Veranstaltungen mit Hinblick auf die Erwartungen von Foundation, Location und Teilnehmenden zu erf\u00fcllen und man w\u00e4chst mit jeder Organisation weiter.<\/p>\n\n\n\n<h3 class=\"wp-block-heading\">Je sp\u00e4ter der Abend\u00a0\u2026 Patrick Posner und Gordon B\u00f6hme runden den Tag ab!<\/h3>\n\n\n\n<p>Viele WordPress-Seiten, wie die vom ber\u00fchmten Wei\u00dfen Haus in Washington D. C., laufen t\u00e4glich unter Volllast. Um die Performance zu verbessern und die Seite dadurch f\u00fcr Besucher noch attraktiver zu machen, sind kurze Ladezeiten das A und O.. Patrick Posner pr\u00e4sentiert in seinem Vortrag, welche Vor- und Nachteile es hat, aus seinem WordPress eine statische Webseite zu machen.<\/p>\n\n\n\n<p>Wie man dann letztlich auch noch mit Transparenz und Vertrauen zum Experten f\u00fcr andere wird, zeigt uns Gordon B\u00f6hme, der das WordPress-Meetup in Halle (an der Saale) organisiert. In seinem Vortrag geht er auf die F\u00fclle von automatisierten, nahezu kostenfreien Inhalten ein, die t\u00e4glich das Web fluten und die Suchergebnisse verw\u00e4ssern. Leute, es wird Zeit, sich zu positionieren und so den Erfolg der eigenen Website l\u00e4ngerfristig zu sichern! Mit diesen eindringlichen Worten f\u00fchrt uns Gordon direkt zum Abschluss der Veranstaltung. Der Vorhang f\u00fcr das MVP-WordCamp Leipzig 2024 im Ost-Passage-Theater f\u00e4llt leise und wir machen uns direkt auf zur minimalistischen After-Show-Party am selbst gebauten, urigen Tresen.<\/p>\n\n\n\n<p>\u00dcber:<\/p>\n\n\n\n<ul class=\"wp-block-list\">\n<li><strong>WordPress-Foundation:<\/strong> Gegr\u00fcndet 2010, sch\u00fctzt die Foundation die Marke und Interessen von WordPress und erm\u00f6glicht weltweit Veranstaltungen wie WordCamps.<\/li>\n\n\n\n<li><strong>Ost-Passage Theater e.\u00a0V.:<\/strong> Das Theater im Leipziger Osten bietet auf 70 qm bis zu 96 Pl\u00e4tze und f\u00f6rdert kulturelle Veranstaltungen in einem besonderen Ambiente.<\/li>\n\n\n\n<li><strong>Barrierefreiheit:<\/strong> Leider ist der Veranstaltungsort nicht barrierefrei zug\u00e4nglich, was f\u00fcr k\u00f6rperlich eingeschr\u00e4nkte Personen eine Herausforderung darstellt.<\/li>\n<\/ul>\n\n\n\n<p>Weitere Informationen und Impressionen zu vergangenen WordCamps finden sich auf den Webseiten der WordPress-Foundation und anderer WordCamp-Veranstaltungen.<\/p>\n","protected":false},"excerpt":{"rendered":"<p>WordCamp Leipzig 2024 Eine minimalistische Version #2 des allseits beliebten und weltweit bekannten WordCamps der WordPress-Foundation. Wann?20.04.2024, 09:00 \u2013 18:00 Uhr Wo?Ost-Passage Theater in Leipzig(Konradstra\u00dfe 27, 04315 Leipzig) Wer und was?Zusammen wollen wir sprechen und die Vortragenden werden uns inspirieren! Willkommen lieber WordPressler und WordPresslerin, besucht das zweite WordCamp in Leipzig! Die vergangene Ausgabe startete [&hellip;]<\/p>\n","protected":false},"author":20917600,"featured_media":0,"parent":0,"menu_order":0,"comment_status":"closed","ping_status":"closed","template":"","meta":{"advanced_seo_description":"","jetpack_seo_html_title":"","jetpack_seo_noindex":false,"jetpack_post_was_ever_published":false,"footnotes":""},"class_list":["post-126","page","type-page","status-publish","hentry"],"jetpack_sharing_enabled":true,"jetpack_likes_enabled":true,"jetpack-related-posts":[],"_links":{"self":[{"href":"https:\/\/leipzig.wordcamp.org\/2024\/wp-json\/wp\/v2\/pages\/126","targetHints":{"allow":["GET"]}}],"collection":[{"href":"https:\/\/leipzig.wordcamp.org\/2024\/wp-json\/wp\/v2\/pages"}],"about":[{"href":"https:\/\/leipzig.wordcamp.org\/2024\/wp-json\/wp\/v2\/types\/page"}],"author":[{"embeddable":true,"href":"https:\/\/leipzig.wordcamp.org\/2024\/wp-json\/wp\/v2\/users\/20917600"}],"replies":[{"embeddable":true,"href":"https:\/\/leipzig.wordcamp.org\/2024\/wp-json\/wp\/v2\/comments?post=126"}],"version-history":[{"count":40,"href":"https:\/\/leipzig.wordcamp.org\/2024\/wp-json\/wp\/v2\/pages\/126\/revisions"}],"predecessor-version":[{"id":811,"href":"https:\/\/leipzig.wordcamp.org\/2024\/wp-json\/wp\/v2\/pages\/126\/revisions\/811"}],"wp:attachment":[{"href":"https:\/\/leipzig.wordcamp.org\/2024\/wp-json\/wp\/v2\/media?parent=126"}],"curies":[{"name":"wp","href":"https:\/\/api.w.org\/{rel}","templated":true}]}}