{"id":12,"date":"2023-12-29T10:58:56","date_gmt":"2023-12-29T09:58:56","guid":{"rendered":"https:\/\/leipzig.wordcamp.org\/2024\/organizers\/"},"modified":"2024-03-08T16:35:52","modified_gmt":"2024-03-08T15:35:52","slug":"organisatoren","status":"publish","type":"page","link":"https:\/\/leipzig.wordcamp.org\/2024\/organisatoren\/","title":{"rendered":"Organisatoren"},"content":{"rendered":"\n<p>Das <strong>WordCamp Leipzig<\/strong> wird erst durch das ehrenamtliche Engagement dieser gro\u00dfartigen Mitglieder der weltweiten WordPress-Community m\u00f6glich.<\/p>\n\n\n<ul class=\"wordcamp-block wordcamp-post-list has-layout-list wordcamp-organizers alignwide\"><li class=\"wordcamp-post-list__post wordcamp-clearfix\">\n<div class=\"wordcamp-organizer wordcamp-organizers__post slug-hendrik-meibeck\">\n\t<h3 class=\"wordcamp-block__item-title wordcamp-organizers__title\">Hendrik Meibeck<\/h3>\n\t\t\t<div class=\"wordcamp-image__avatar-container align-none\">\n\t\t\t<img decoding=\"async\" src=\"https:\/\/secure.gravatar.com\/avatar\/f000b375bf8f7641bbaf18471303142247b98994c6264cf66f34f3914edc1bb0?s=150&amp;d=mm&amp;r=g\" alt=\"Avatar von Hendrik Meibeck\" \/>\t\t<\/div>\n\t\n\t\t\t<div class=\"wordcamp-block__item-content wordcamp-organizers__content is-full\"><p>Hendrik brachte sich im jungen Alter von 13 Jahren mithilfe von <a href=\"https:\/\/wiki.selfhtml.org\/wiki\/SELFHTML\" target=\"_blank\" rel=\"noreferrer noopener\">selfhtml.org<\/a>\u00a0selbst HTML und CSS bei. Anschlie\u00dfend sammelte er die ersten Ber\u00fchrungspunkte mit WordPress \u00fcber die schulische \u201eComputer AG\u201c. Nach langj\u00e4hriger T\u00e4tigkeit als Mediengestalter und CPT-Operator in einer der gr\u00f6\u00dften Druckereien Europas ist er nun seit \u00fcber 3 Jahren vollst\u00e4ndig im Website- und WordPress-Geschehen zur\u00fcck.<\/p>\n<p>Mit seinem hohen Enthusiasmus und einer gewaltigen Neugierde ist er in k\u00fcrzester Zeit zu einem grundsoliden, wie er selbst sagt, \u201eWordPress Creator\u201c bei <a href=\"https:\/\/kronfink.de\/\" target=\"_blank\" rel=\"noreferrer noopener\">Kronfink<\/a> geworden. Immer darauf aus, die besten L\u00f6sungen f\u00fcr jedes Projekt und alle Beteiligten zu finden oder zu schaffen.<\/p>\n<\/div>\t<\/div>\n\n<\/li><li class=\"wordcamp-post-list__post wordcamp-clearfix\">\n<div class=\"wordcamp-organizer wordcamp-organizers__post slug-jana-schlegel\">\n\t<h3 class=\"wordcamp-block__item-title wordcamp-organizers__title\">Jana Schlegel<\/h3>\n\t\t\t<div class=\"wordcamp-image__avatar-container align-none\">\n\t\t\t<img decoding=\"async\" src=\"https:\/\/secure.gravatar.com\/avatar\/bb3c2f0ca845a2d69bed37a392939fbe27217aca70d6dd1069f027bc21c3c76c?s=150&amp;d=mm&amp;r=g\" alt=\"Avatar von Jana Schlegel\" \/>\t\t<\/div>\n\t\n\t\t\t<div class=\"wordcamp-block__item-content wordcamp-organizers__content is-full\"><p>Als Quereinsteigerin im sozialen Bereich und stetig Lernende hat Jana Schlegel ihr Business seit 2006 mit Unterst\u00fctzung vom barrierefreien CMS Papoo aufgebaut. Der Wechsel auf WordPress war 2013 die richtige Entscheidung. Zu Hause f\u00fchlt sie sich als zentraler Ansprechpartner, Organisationstalent und Probleml\u00f6ser seit 2006 im Bereich der <a href=\"https:\/\/www.fachkraeftesicherer.de\/effizienter-binden\/fachkraefteservice\/\" target=\"_blank\" rel=\"noreferrer noopener\">Sozial-, Betriebs- und Mitarbeiterberatung<\/a>, denn alles, was die Menschen in Bewegung versetzt, muss durch ihren Kopf hindurch.<\/p>\n<\/div>\t<\/div>\n\n<\/li><li class=\"wordcamp-post-list__post wordcamp-clearfix\">\n<div class=\"wordcamp-organizer wordcamp-organizers__post slug-maik-bernstein\">\n\t<h3 class=\"wordcamp-block__item-title wordcamp-organizers__title\">Maik Bernstein<\/h3>\n\t\t\t<div class=\"wordcamp-image__avatar-container align-none\">\n\t\t\t<img decoding=\"async\" src=\"https:\/\/secure.gravatar.com\/avatar\/997b66ea94239cdfd1e52ea731f64efae642b30d089cae7baf2cac24bdf5edf3?s=150&amp;d=mm&amp;r=g\" alt=\"Avatar von Maik Bernstein\" \/>\t\t<\/div>\n\t\n\t\t\t<div class=\"wordcamp-block__item-content wordcamp-organizers__content is-full\"><p>Maik Bernstein bringt wertvolle Erfahrung in der Web-Gestaltung und der Anwendung von WordPress mit sich, was ihn zu einem talentierten Allrounder in diesem Bereich macht. Schon seit seiner Kindheit hat ihn die technische Entwicklung seiner Lebenszeit begeistert, was seine Leidenschaft f\u00fcr diese Branche bis heute aufrechterh\u00e4lt. Mit einer ausgepr\u00e4gten fachlichen Kompetenz und einem tiefen Verst\u00e4ndnis f\u00fcr die neuesten Technologien ist Maik in der Lage, seinem Umfeld und Kunden in jeder Hinsicht eine professionelle und effektive Unterst\u00fctzung zu bieten. Dabei bewahrt er stets einen k\u00fchlen Kopf, auch wenn es darum geht, <a href=\"https:\/\/www.deinwp.de\/\" target=\"_blank\" rel=\"noreferrer noopener\">digitale Br\u00e4nde<\/a> zu l\u00f6schen.<\/p>\n<\/div>\t<\/div>\n\n<\/li><li class=\"wordcamp-post-list__post wordcamp-clearfix\">\n<div class=\"wordcamp-organizer wordcamp-organizers__post slug-rene-schroeter\">\n\t<h3 class=\"wordcamp-block__item-title wordcamp-organizers__title\">Ren\u00e9 Schr\u00f6ter<\/h3>\n\t\t\t<div class=\"wordcamp-image__avatar-container align-none\">\n\t\t\t<img decoding=\"async\" src=\"https:\/\/secure.gravatar.com\/avatar\/012a619388f2285aa50921a24ecee3836a1b26ec336ffe306fd4ad1d784ab8c6?s=150&amp;d=mm&amp;r=g\" alt=\"Avatar von Ren\u00e9 Schr\u00f6ter\" \/>\t\t<\/div>\n\t\n\t\t\t<div class=\"wordcamp-block__item-content wordcamp-organizers__content is-full\"><p>Ren\u00e9 Schr\u00f6ter beschreibt sich selbst als <a href=\"https:\/\/www.reneschroeter.de\/\" target=\"_blank\" rel=\"noreferrer noopener\">Online-Enthusiast<\/a> und leidenschaftlichen Web-Fanatiker; spricht nur selten in der dritten Person von sich. Angefangen mit phpKit, wechselte er sp\u00e4ter zu Drupal und arbeitet nun seit \u00fcber einem Jahrzehnt mit WordPress. Mit seiner tiefen Leidenschaft f\u00fcr das Internet besch\u00e4ftigt er sich intensiv mit dem Thema SEO und ist ein erfahrener Berater f\u00fcr seine Kunden in allen Belangen des Online-Marketings. Dank seiner umfangreichen Erfahrung und seinem Fachwissen ist Ren\u00e9 in der Lage, ma\u00dfgeschneiderte L\u00f6sungen f\u00fcr jedes Projekt zu entwickeln und dabei stets die neuesten Technologien und Trends zu ber\u00fccksichtigen.<\/p>\n<\/div>\t<\/div>\n\n<\/li><li class=\"wordcamp-post-list__post wordcamp-clearfix\">\n<div class=\"wordcamp-organizer wordcamp-organizers__post slug-thomas-kujawa\">\n\t<h3 class=\"wordcamp-block__item-title wordcamp-organizers__title\">Thomas Kujawa<\/h3>\n\t\t\t<div class=\"wordcamp-image__avatar-container align-none\">\n\t\t\t<img decoding=\"async\" src=\"https:\/\/secure.gravatar.com\/avatar\/f433977da7fa541a5391a1a6f91f25f51ed433a1ee6f696de59ed58091807713?s=150&amp;d=mm&amp;r=g\" alt=\"Avatar von Thomas Kujawa\" \/>\t\t<\/div>\n\t\n\t\t\t<div class=\"wordcamp-block__item-content wordcamp-organizers__content is-full\"><p>\u00dcber den manuellen Umzug (auf Datenbankebene) von Papoo ist Thomas Kujawa Ende 2013 in die WordPress-Community gekommen. Gern engagiert er sich dort in der Werkstatt des Meetup Leipzig und lernt gern dazu.<\/p>\n<p>Seit 2006 sorgt er als <a href=\"https:\/\/www.fachkraeftesicherer.de\/\" target=\"_blank\" rel=\"noreferrer noopener\">Fachkr\u00e4ftesicherer<\/a> f\u00fcr Betriebe aus dem Mittelstand daf\u00fcr, dass deren Mitarbeitende gern in die Werkhalle oder ins B\u00fcro kommen.<\/p>\n<\/div>\t<\/div>\n\n<\/li><\/ul>","protected":false},"excerpt":{"rendered":"<p>Das WordCamp Leipzig wird erst durch das ehrenamtliche Engagement dieser gro\u00dfartigen Mitglieder der weltweiten WordPress-Community m\u00f6glich.<\/p>\n","protected":false},"author":20917600,"featured_media":0,"parent":0,"menu_order":0,"comment_status":"closed","ping_status":"closed","template":"","meta":{"advanced_seo_description":"","jetpack_seo_html_title":"","jetpack_seo_noindex":false,"jetpack_post_was_ever_published":false,"footnotes":""},"class_list":["post-12","page","type-page","status-publish","hentry"],"jetpack_sharing_enabled":true,"jetpack_likes_enabled":true,"jetpack-related-posts":[],"_links":{"self":[{"href":"https:\/\/leipzig.wordcamp.org\/2024\/wp-json\/wp\/v2\/pages\/12","targetHints":{"allow":["GET"]}}],"collection":[{"href":"https:\/\/leipzig.wordcamp.org\/2024\/wp-json\/wp\/v2\/pages"}],"about":[{"href":"https:\/\/leipzig.wordcamp.org\/2024\/wp-json\/wp\/v2\/types\/page"}],"author":[{"embeddable":true,"href":"https:\/\/leipzig.wordcamp.org\/2024\/wp-json\/wp\/v2\/users\/20917600"}],"replies":[{"embeddable":true,"href":"https:\/\/leipzig.wordcamp.org\/2024\/wp-json\/wp\/v2\/comments?post=12"}],"version-history":[{"count":3,"href":"https:\/\/leipzig.wordcamp.org\/2024\/wp-json\/wp\/v2\/pages\/12\/revisions"}],"predecessor-version":[{"id":272,"href":"https:\/\/leipzig.wordcamp.org\/2024\/wp-json\/wp\/v2\/pages\/12\/revisions\/272"}],"wp:attachment":[{"href":"https:\/\/leipzig.wordcamp.org\/2024\/wp-json\/wp\/v2\/media?parent=12"}],"curies":[{"name":"wp","href":"https:\/\/api.w.org\/{rel}","templated":true}]}}