{"id":11,"date":"2023-12-29T10:58:56","date_gmt":"2023-12-29T09:58:56","guid":{"rendered":"https:\/\/leipzig.wordcamp.org\/2024\/location\/"},"modified":"2024-04-22T12:19:05","modified_gmt":"2024-04-22T10:19:05","slug":"standort","status":"publish","type":"page","link":"https:\/\/leipzig.wordcamp.org\/2024\/standort\/","title":{"rendered":"Standort am 20. April 2024"},"content":{"rendered":"\n<h2 class=\"wp-block-heading\">Ost-Passage Theater<\/h2>\n\n\n\n<p>Das Ost-Passage-Theater ist eine Nachbarschaftsb\u00fchne im Osten der Stadt Leipzig, direkt an der Eisenbahnstra\u00dfe, der multikulturellen Einkaufsmeile.<\/p>\n\n\n\n<p>Getragen wird die B\u00fchne vom gemeinn\u00fctzigen Verein \u00bbOst-Passage Theater e.&nbsp;V.\u00ab. Der Initiative gelang es 2011, den damaligen Eigent\u00fcmer des Gr\u00fcnderzeitgeb\u00e4udes in der Konradstra\u00dfe 27 f\u00fcr eine Nutzung der oberen Etage als Nachbarschaftheater zu begeistern.<\/p>\n\n\n\n<p>Charakteristisch f\u00fcr den bereits 1912 unter dem gleichen Namen als Lichtspieltheater eingeweihten Raum ist die seltene Dachkonstruktion aus Betonbindern \u2013 die sogenannte \u201eSchillerdecke\u201c \u2013 die dem langgezogenen Bauwerk die Form eines Tonnengew\u00f6lbes gibt und die f\u00fcr einen Kulturort notwendige Aura schafft.<\/p>\n\n\n\n<p>Die feierliche Er\u00f6ffnung fand am 09. M\u00e4rz 2018 statt.<\/p>\n\n\n\n<p>Seitdem finden im Ost-Passage Theater, mit seinen 96 Sitzpl\u00e4tzen und einer zentralen B\u00fchnenfl\u00e4che von knapp 70 qm, in der Atmosph\u00e4re des ehemaligen Gr\u00fcnderzeitkinos, j\u00e4hrlich ca. 190 Veranstaltungen statt.<\/p>\n\n\n\n<p>Die Bandbreite reicht dabei von Theater, Musik und Kino bis hin zu Lesungen, Diskussionen oder Workshops. Neben Veranstaltungen f\u00fcr Lebenserfahrene werden auch immer wieder Veranstaltungen f\u00fcr Kinder &amp; Jugendliche oder die ganze Familie angeboten.<\/p>\n\n\n\n<p>Als gemeinn\u00fctzige, wesentlich ehrenamtlich getragene Initiative kommt es dem Ost-Passage-Theater vor allem auf folgendes an:<\/p>\n\n\n\n<ul class=\"wp-block-list\">\n<li>Jenseits eines \u201eKulturimportes\u201c die versch\u00fctteten und verborgenen Potenziale vor Ort freizulegen,<\/li>\n\n\n\n<li>Die Schwellen zum Mitmachen auf allen institutionellen Ebenen niedrig zu halten und offen zu sein f\u00fcr die Ideen und Energien der Nachbarn und Nachbarinnen, Anrainenden und sonstig Interessierten.<\/li>\n<\/ul>\n\n\n\n<div class=\"wp-block-group is-layout-constrained wp-block-group-is-layout-constrained\">\n<figure class=\"wp-block-gallery has-nested-images columns-default is-cropped wp-block-gallery-1 is-layout-flex wp-block-gallery-is-layout-flex\">\n<figure class=\"wp-block-image size-large\"><img data-recalc-dims=\"1\" height=\"1024\" width=\"768\" decoding=\"async\" data-id=\"339\" src=\"https:\/\/i0.wp.com\/leipzig.wordcamp.org\/2023\/files\/2023\/05\/Ost-Passage-Theater-Buehne-768x1024.jpg?resize=768%2C1024&#038;ssl=1\" alt=\"Die B\u00fchne des WordCamp Leipzig im Ost-Passage Theater\" class=\"wp-image-339\" \/><figcaption class=\"wp-element-caption\">Die B\u00fchne des WordCamp Leipzig im Ost-Passage Theater<\/figcaption><\/figure>\n\n\n\n<figure class=\"wp-block-image size-large\"><img data-recalc-dims=\"1\" height=\"1024\" width=\"768\" decoding=\"async\" data-id=\"343\" src=\"https:\/\/i0.wp.com\/leipzig.wordcamp.org\/2023\/files\/2023\/05\/Ost-Passage-Theater-Lobby-768x1024.jpg?resize=768%2C1024&#038;ssl=1\" alt=\"Die kleine Lobby des WordCamp Leipzig im Ost-Passage Theater\" class=\"wp-image-343\" \/><figcaption class=\"wp-element-caption\">Die kleine Lobby des WordCamp Leipzig im Ost-Passage Theater<\/figcaption><\/figure>\n\n\n\n<figure class=\"wp-block-image size-large\"><img data-recalc-dims=\"1\" height=\"1024\" width=\"768\" decoding=\"async\" data-id=\"340\" src=\"https:\/\/i0.wp.com\/leipzig.wordcamp.org\/2023\/files\/2023\/05\/Ost-Passage-Theater-Eingang-768x1024.jpg?resize=768%2C1024&#038;ssl=1\" alt=\"Eingangsbereich des WordCamp Leipzig im Ost-Passage Theater\" class=\"wp-image-340\" \/><figcaption class=\"wp-element-caption\">Eingangsbereich des WordCamp Leipzig im Ost-Passage Theater<\/figcaption><\/figure>\n<\/figure>\n<\/div>\n\n\n\n<div style=\"height:30px\" aria-hidden=\"true\" class=\"wp-block-spacer\"><\/div>\n\n\n\n<h2 class=\"wp-block-heading\">Barrierefreiheit<\/h2>\n\n\n\n<p>Aufgrund der baulichen Situation ist das Ost-Passage-Theater nicht barrierefrei. Wenn Du als beeintr\u00e4chtigter Mensch am WordCamp Leipzig teilnehmen m\u00f6chtest, unterst\u00fctzen wir Dich mit allen Kr\u00e4ften. <a href=\"https:\/\/leipzig.wordcamp.org\/2024\/kontakt\/\" data-type=\"page\" data-id=\"17\">Informiere uns bitte<\/a> und wir pr\u00fcfen alle M\u00f6glichkeiten, um auch f\u00fcr Dich das WordCamp Leipzig zu einem gro\u00dfartigen Event zu machen.<\/p>\n\n\n\n<div style=\"height:30px\" aria-hidden=\"true\" class=\"wp-block-spacer\"><\/div>\n\n\n\n<h2 class=\"wp-block-heading\">Wo findet das WordCamp Leipzig statt?<\/h2>\n\n\n\n<div data-map-provider=\"mapbox\" data-api-key=\"\" class=\"wp-block-jetpack-map\" data-map-style=\"default\" data-map-details=\"true\" data-points=\"[{&quot;placeTitle&quot;:&quot;Konradstra\u00dfe&quot;,&quot;title&quot;:&quot;Konradstra\u00dfe&quot;,&quot;caption&quot;:&quot;Konradstra\u00dfe 27, 04315 Leipzig, Germany&quot;,&quot;id&quot;:&quot;address.4749764906251342&quot;,&quot;coordinates&quot;:{&quot;longitude&quot;:12.404643,&quot;latitude&quot;:51.345015}}]\" data-zoom=\"13\" data-map-center=\"{&quot;lng&quot;:12.404643,&quot;lat&quot;:51.345015}\" data-marker-color=\"#0073aa\" data-show-fullscreen-button=\"true\"><ul><li><a href=\"https:\/\/www.google.com\/maps\/search\/?api=1&amp;query=51.345015,12.404643\">Konradstra\u00dfe<\/a><\/li><\/ul><\/div>\n\n\n\n<p>Auf openstreetmap.org findest Du das <a href=\"https:\/\/www.openstreetmap.org\/node\/4705719992\" target=\"_blank\" rel=\"noreferrer noopener\">Ost-Passage-Theater<\/a> als Veranstaltungsort f\u00fcr das WordCamp Leipzig.<\/p>\n\n\n\n<div style=\"height:30px\" aria-hidden=\"true\" class=\"wp-block-spacer\"><\/div>\n\n\n\n<h2 class=\"wp-block-heading\">Anreise zum WordCamp Leipzig<\/h2>\n\n\n\n<h3 class=\"wp-block-heading\">mit Fahrrad und Auto<\/h3>\n\n\n\n<p>Die Navigation kannst Du leicht mit <a href=\"https:\/\/map.project-osrm.org\/?z=16&amp;center=51.344935%2C12.392375&amp;loc=51.344015%2C12.380273&amp;loc=51.345158%2C12.404671&amp;hl=de&amp;alt=0&amp;srv=1\" target=\"_blank\" rel=\"noreferrer noopener\">OSRM<\/a>, einem Projekt basierend auf openstreetmap.org, vornehmen.<\/p>\n\n\n\n<p>Das Ost-Passage Theater liegt im Ortsteil Neustadt-Neusch\u00f6nefeld, unweit der Stra\u00dfenkreuzung Herrmann-Liebmann- \/ Eisenbahnstra\u00dfe direkt \u00fcber dem ALDI.<\/p>\n\n\n\n<p>Vor dem Theater kannst Du Dein Fahrrad anschlie\u00dfen. Eine Fahrradgarage gibt es leider nicht. In unmittelbarer N\u00e4he gibt es Parkpl\u00e4tze f\u00fcr PKW, allerdings ohne Ladestationen f\u00fcr Strom.<\/p>\n\n\n\n<h3 class=\"wp-block-heading\">mit \u00f6ffentlichen Verkehrsmitteln<\/h3>\n\n\n\n<p>\u00dcber die Fahrplanauskunft der st\u00e4dtischen Verkehrsbetriebe (LVB) bekommst Du <a href=\"https:\/\/www.l.de\/verkehrsbetriebe\/fahrplan\/\" target=\"_blank\" rel=\"noreferrer noopener\">die richtige Verbindung zum WordCamp Leipzig<\/a>. An der n\u00e4chstgelegenen Haltestelle (Hermann-Liebmann-\/Eisenbahnstr.) halten die Stra\u00dfenbahnen 1 [Mockau, Post] und 3 [Taucha] bzw. 3E [Sommerfeld]. <\/p>\n\n\n\n<div style=\"height:30px\" aria-hidden=\"true\" class=\"wp-block-spacer\"><\/div>\n\n\n\n<h2 class=\"wp-block-heading\">Verpflegung beim WordCamp Leipzig<\/h2>\n\n\n\n<div class=\"wp-block-columns is-layout-flex wp-container-core-columns-is-layout-28f84493 wp-block-columns-is-layout-flex\">\n<div class=\"wp-block-column is-layout-flow wp-block-column-is-layout-flow\">\n<figure class=\"wp-block-image alignleft size-large is-resized\"><img data-recalc-dims=\"1\" height=\"1024\" width=\"768\" decoding=\"async\" src=\"https:\/\/i0.wp.com\/leipzig.wordcamp.org\/2023\/files\/2023\/05\/Ost-Passage-Theater-Getraenke-2-768x1024.jpg?resize=768%2C1024&#038;ssl=1\" alt=\"Wasser f\u00fcr alle Teilnehmenden des Wordcamp Leipzig\" class=\"wp-image-342\" style=\"width:384px;height:512px\" \/><figcaption class=\"wp-element-caption\">Wasser f\u00fcr alle Teilnehmenden des Wordcamp Leipzig \u2013 im Tagesticket enthalten<\/figcaption><\/figure>\n<\/div>\n\n\n\n<div class=\"wp-block-column is-layout-flow wp-block-column-is-layout-flow\">\n<figure class=\"wp-block-image alignleft size-large is-resized\"><img data-recalc-dims=\"1\" height=\"1024\" width=\"768\" decoding=\"async\" src=\"https:\/\/i0.wp.com\/leipzig.wordcamp.org\/2023\/files\/2023\/05\/Ost-Passage-Theater-Getraenke-1-768x1024.jpg?resize=768%2C1024&#038;ssl=1\" alt=\"weitere Getr\u00e4nke beim WordCamp Leipzig\" class=\"wp-image-341\" style=\"width:384px;height:512px\" \/><figcaption class=\"wp-element-caption\">Weitere Getr\u00e4nke beim WordCamp Leipzig \u2013 im <a href=\"https:\/\/leipzig.wordcamp.org\/2024\/tickets\/\" data-type=\"page\" data-id=\"13\">Tagesticket<\/a> enthalten<\/figcaption><\/figure>\n<\/div>\n<\/div>\n\n\n\n<p>Im Tagesticket sind die (alkoholfreien) Getr\u00e4nke enthalten. Am Nachmittag werden wir Kuchen anbieten. Dieser ist von den Organisatoren <a href=\"https:\/\/leipzig.wordcamp.org\/2024\/organizer\/jana-schlegel\/\" data-type=\"wcb_organizer\" data-id=\"155\">Jana Schlegel<\/a> und <a href=\"https:\/\/leipzig.wordcamp.org\/2024\/organizer\/rene-schroeter\/\" data-type=\"wcb_organizer\" data-id=\"143\">Ren\u00e9 Schr\u00f6ter<\/a> gesponsort worden.<\/p>\n\n\n\n<p>F\u00fcr das Mittagessen (<a href=\"https:\/\/leipzig.wordcamp.org\/2024\/zeitplan\/\" data-type=\"page\" data-id=\"7\">Zeitplan<\/a>) findest Du in unmittelbarer N\u00e4he eine F\u00fclle von M\u00f6glichkeiten, Dich mit neuer Energie zu versorgen. Angefangen beim Lebensmittel-Discounter Aldi, der sich im Geb\u00e4ude befindet, sind auf der Eisenbahnstra\u00dfe eine Vielzahl von Angeboten vertreten. Vegan, vegetarisch, halal, orientalisch, asiatisch, arabisch \u2013 f\u00fcr jeden Geschmack ist etwas dabei.<\/p>\n\n\n\n<div style=\"height:30px\" aria-hidden=\"true\" class=\"wp-block-spacer\"><\/div>\n\n\n\n<h2 class=\"wp-block-heading\">\u00dcbernachten<\/h2>\n\n\n\n<p>Das Organisationsteam des WordCamp Leipzig hilft Dir gern, wenn Du einen l\u00e4ngeren Aufenthalt in Leipzig planst. Melde Dich unkompliziert, wenn Du Dein Ticket erworben hast, \u00fcber das <a href=\"https:\/\/leipzig.wordcamp.org\/2024\/kontakt\/\" data-type=\"page\" data-id=\"17\">Kontaktformular<\/a>.<\/p>\n","protected":false},"excerpt":{"rendered":"<p>Ost-Passage Theater Das Ost-Passage-Theater ist eine Nachbarschaftsb\u00fchne im Osten der Stadt Leipzig, direkt an der Eisenbahnstra\u00dfe, der multikulturellen Einkaufsmeile. Getragen wird die B\u00fchne vom gemeinn\u00fctzigen Verein \u00bbOst-Passage Theater e.&nbsp;V.\u00ab. Der Initiative gelang es 2011, den damaligen Eigent\u00fcmer des Gr\u00fcnderzeitgeb\u00e4udes in der Konradstra\u00dfe 27 f\u00fcr eine Nutzung der oberen Etage als Nachbarschaftheater zu begeistern. Charakteristisch f\u00fcr [&hellip;]<\/p>\n","protected":false},"author":20917600,"featured_media":201,"parent":0,"menu_order":0,"comment_status":"closed","ping_status":"closed","template":"","meta":{"advanced_seo_description":"","jetpack_seo_html_title":"","jetpack_seo_noindex":false,"jetpack_post_was_ever_published":false,"footnotes":""},"class_list":["post-11","page","type-page","status-publish","has-post-thumbnail","hentry"],"jetpack_sharing_enabled":true,"jetpack_likes_enabled":true,"jetpack-related-posts":[],"_links":{"self":[{"href":"https:\/\/leipzig.wordcamp.org\/2024\/wp-json\/wp\/v2\/pages\/11","targetHints":{"allow":["GET"]}}],"collection":[{"href":"https:\/\/leipzig.wordcamp.org\/2024\/wp-json\/wp\/v2\/pages"}],"about":[{"href":"https:\/\/leipzig.wordcamp.org\/2024\/wp-json\/wp\/v2\/types\/page"}],"author":[{"embeddable":true,"href":"https:\/\/leipzig.wordcamp.org\/2024\/wp-json\/wp\/v2\/users\/20917600"}],"replies":[{"embeddable":true,"href":"https:\/\/leipzig.wordcamp.org\/2024\/wp-json\/wp\/v2\/comments?post=11"}],"version-history":[{"count":6,"href":"https:\/\/leipzig.wordcamp.org\/2024\/wp-json\/wp\/v2\/pages\/11\/revisions"}],"predecessor-version":[{"id":757,"href":"https:\/\/leipzig.wordcamp.org\/2024\/wp-json\/wp\/v2\/pages\/11\/revisions\/757"}],"wp:featuredmedia":[{"embeddable":true,"href":"https:\/\/leipzig.wordcamp.org\/2024\/wp-json\/wp\/v2\/media\/201"}],"wp:attachment":[{"href":"https:\/\/leipzig.wordcamp.org\/2024\/wp-json\/wp\/v2\/media?parent=11"}],"curies":[{"name":"wp","href":"https:\/\/api.w.org\/{rel}","templated":true}]}}